{"id":9,"date":"2018-02-24T12:37:17","date_gmt":"2018-02-24T11:37:17","guid":{"rendered":"http:\/\/www.talentum.sk\/?page_id=9"},"modified":"2018-03-01T09:43:17","modified_gmt":"2018-03-01T08:43:17","slug":"e-talentum-sk","status":"publish","type":"page","link":"http:\/\/www.talentum.sk\/index.php\/e-talentum-sk\/","title":{"rendered":"Stanovy"},"content":{"rendered":"<p>Stanovy (Ne\u00fapln\u00e9 znenie)<\/p>\n<p><strong>Z\u00e1kladn\u00e9 ustanovenia<\/strong><\/p>\n<p><strong>\u010cl. I.<\/strong><\/p>\n<p>N\u00e1zov ob\u010dianskeho zdru\u017eenia: <strong>e &#8211; Talentum<\/strong><\/p>\n<p><strong>\u010cl. II.<\/strong><\/p>\n<p>S\u00eddlo ob\u010dianskeho zdru\u017eenia: Farsk\u00e1 l\u00faka 38, 986 01 Fi\u013eakovo, Slovensk\u00e1 republika<\/p>\n<p><strong>\u010cl. III.<\/strong><\/p>\n<p><strong>Predmet \u010dinnosti zdru\u017eenia<\/strong><\/p>\n<p>Ob\u010dianske zdru\u017eenie zalo\u017een\u00e9 v\u00a0zmysle z\u00e1k. \u010d. 83\/1990 Zb. je pr\u00e1vnick\u00e1 osoba neziskov\u00e9ho charakteru, ktorej predmetom \u010dinnosti je:<\/p>\n<ol>\n<li>vzdel\u00e1vanie, v\u00fdchova a rozvoj telesnej kult\u00fary<\/li>\n<\/ol>\n<p>&#8211; vzdel\u00e1vaniev\u00a0oblasti informa\u010dn\u00fdch technol\u00f3gi\u00ed a celo\u017eivotn\u00e9ho vzdel\u00e1vania<br \/>\n&#8211; organizovanie kurzov, semin\u00e1rov, predn\u00e1\u0161ok, t\u00e1borov v\u00a0oblasti informatiky<br \/>\n&#8211; kurzy matematiky, informatiky, cudz\u00edch\u00a0 jazykov<br \/>\n&#8211; in\u00e9 s\u00favisiacie aktiv\u00edty<\/p>\n<ol start=\"2\">\n<li>v\u00fdskum, v\u00fdvoj, vedecko-technick\u00e9 slu\u017eby a informa\u010dn\u00e9 slu\u017eby<\/li>\n<\/ol>\n<p>&#8211; di\u0161tan\u010dn\u00e9 vzdel\u00e1vanie, e-learning<br \/>\n&#8211; v\u00fdvoj a prev\u00e1dzka programov na internete<br \/>\n&#8211; in\u00e9 s\u00favisiacie aktiv\u00edty<\/p>\n<ol start=\"3\">\n<li>podpora region\u00e1lneho rozvoja a zamestnanosti :<\/li>\n<\/ol>\n<p>&#8211;\u00a0 podpora hospod\u00e1rskeho a\u00a0soci\u00e1lneho rozvoja regi\u00f3nu,\u00a0predov\u0161etk\u00fdm<br \/>\nvypracov\u00e1vanie a\u00a0realiz\u00e1cia projektov\u00a0 za \u00fa\u010delom z\u00edskavania zdrojov,<\/p>\n<p>&#8211;\u00a0 rozvoj zamestnanosti formou poradenstva a\u00a0realiz\u00e1cie projektov na podporu<br \/>\nzamestnanosti poskytovan\u00edm inform\u00e1ci\u00ed o\u00a0vo\u013en\u00fdch pracovn\u00fdch miestach v\u00a0regi\u00f3ne<\/p>\n<p>&#8211;\u00a0 cezhrani\u010dn\u00e1 spolupr\u00e1ca<\/p>\n","protected":false},"excerpt":{"rendered":"<p>Stanovy (Ne\u00fapln\u00e9 znenie) Z\u00e1kladn\u00e9 ustanovenia \u010cl. I. N\u00e1zov ob\u010dianskeho zdru\u017eenia: e &#8211; Talentum \u010cl. II. S\u00eddlo ob\u010dianskeho zdru\u017eenia:&hellip;<\/p>\n","protected":false},"author":1,"featured_media":0,"parent":0,"menu_order":0,"comment_status":"closed","ping_status":"closed","template":"","meta":{"footnotes":""},"class_list":["post-9","page","type-page","status-publish","hentry"],"_links":{"self":[{"href":"http:\/\/www.talentum.sk\/index.php\/wp-json\/wp\/v2\/pages\/9","targetHints":{"allow":["GET"]}}],"collection":[{"href":"http:\/\/www.talentum.sk\/index.php\/wp-json\/wp\/v2\/pages"}],"about":[{"href":"http:\/\/www.talentum.sk\/index.php\/wp-json\/wp\/v2\/types\/page"}],"author":[{"embeddable":true,"href":"http:\/\/www.talentum.sk\/index.php\/wp-json\/wp\/v2\/users\/1"}],"replies":[{"embeddable":true,"href":"http:\/\/www.talentum.sk\/index.php\/wp-json\/wp\/v2\/comments?post=9"}],"version-history":[{"count":5,"href":"http:\/\/www.talentum.sk\/index.php\/wp-json\/wp\/v2\/pages\/9\/revisions"}],"predecessor-version":[{"id":76,"href":"http:\/\/www.talentum.sk\/index.php\/wp-json\/wp\/v2\/pages\/9\/revisions\/76"}],"wp:attachment":[{"href":"http:\/\/www.talentum.sk\/index.php\/wp-json\/wp\/v2\/media?parent=9"}],"curies":[{"name":"wp","href":"https:\/\/api.w.org\/{rel}","templated":true}]}}