{"id":84,"date":"2018-03-01T11:34:09","date_gmt":"2018-03-01T10:34:09","guid":{"rendered":"http:\/\/www.talentum.sk\/?page_id=84"},"modified":"2018-03-01T13:49:39","modified_gmt":"2018-03-01T12:49:39","slug":"infoprog-2016","status":"publish","type":"page","link":"http:\/\/www.talentum.sk\/index.php\/infoprog-2016\/","title":{"rendered":"Infoprog 2016"},"content":{"rendered":"<p><img loading=\"lazy\" decoding=\"async\" class=\" wp-image-92 aligncenter\" src=\"http:\/\/www.talentum.sk\/wp-content\/uploads\/2018\/03\/INFOPROG_logo_2016_HU-300x80.jpg\" alt=\"\" width=\"458\" height=\"122\" srcset=\"http:\/\/www.talentum.sk\/wp-content\/uploads\/2018\/03\/INFOPROG_logo_2016_HU-300x80.jpg 300w, http:\/\/www.talentum.sk\/wp-content\/uploads\/2018\/03\/INFOPROG_logo_2016_HU-768x204.jpg 768w, http:\/\/www.talentum.sk\/wp-content\/uploads\/2018\/03\/INFOPROG_logo_2016_HU-1024x271.jpg 1024w, http:\/\/www.talentum.sk\/wp-content\/uploads\/2018\/03\/INFOPROG_logo_2016_HU.jpg 1803w\" sizes=\"auto, (max-width: 458px) 100vw, 458px\" \/><\/p>\n<p>&nbsp;<\/p>\n<p><strong>Projekt c\u00edme<\/strong> : \u00a0XXI. INFOPROG 2016 \u2013 K\u00e1rp\u00e1t-medencei magyar k\u00f6z\u00e9piskol\u00e1k informatikai versenye, Szlov\u00e1kiai magyar k\u00f6z\u00e9piskol\u00e1k orsz\u00e1gos informatikai versenye<\/p>\n<p><strong>Projekt kezdete<\/strong> : 2015.11.01.<\/p>\n<p><strong>Projekt v\u00e9ge<\/strong> : 2016.04.30.<\/p>\n<p><strong>Projekt \u00f6sszk\u00f6lts\u00e9ge<\/strong> :\u00a0 400\u00a0000 Ft (1\u00a0287 Eur)<\/p>\n<p><strong>T\u00e1mogat\u00f3 szervezet<\/strong> : Emberi Er\u0151forr\u00e1sok Miniszt\u00e9riuma<\/p>\n<p><strong>Projekt le\u00edr\u00e1sa<\/strong> :<\/p>\n<p>A F\u00fcleki Gimn\u00e1zium az e-Talentum nonprofit szervezet, az Infot\u00e9r Egyes\u00fclet \u00e9s a R\u00e1k\u00f3czi Sz\u00f6vets\u00e9g t\u00e1mogat\u00e1s\u00e1val 2016. \u00e1prilis 20-22.-\u00e9n m\u00e1r huszonegyedik alkalommal rendezte meg F\u00fcleken a szlov\u00e1kiai magyar k\u00f6z\u00e9piskol\u00e1k orsz\u00e1gos informatikai verseny\u00e9t \u00e9s a k\u00e1rp\u00e1t-medencei magyar k\u00f6z\u00e9piskol\u00e1k verseny\u00e9t, az INFOPROG 2016-t.\u00a0 A szlov\u00e1kiai magyar k\u00f6z\u00e9piskol\u00e1sok versenye m\u00e1r t\u00f6bb \u00e9ve a K\u00e1rp\u00e1t-medencei magyar k\u00f6z\u00e9piskol\u00e1k informatikai verseny\u00e9v\u00e9 is v\u00e1lt.<\/p>\n<p>A levelez\u0151 fordul\u00f3k feladatainak (2015. november \u2013 2016. m\u00e1rcius) a megold\u00e1saival lehet a versenybe bekapcsol\u00f3dni. A levelez\u0151 fordul\u00f3k eredm\u00e9nyei alapj\u00e1n ker\u00fclt sor azt\u00e1n a verseny d\u00f6nt\u0151j\u00e9re F\u00fcleken. A d\u00f6nt\u0151 k\u00e9tnapos rendezv\u00e9ny, mely id\u0151 alatt a fent eml\u00edtett szervezetek biztos\u00edtott\u00e1k a versenyz\u0151k \u00e9s k\u00eds\u00e9r\u0151tan\u00e1raik teljes ell\u00e1t\u00e1s\u00e1t,\u00a0 a versenyhez sz\u00fcks\u00e9ges g\u00e9pparkot \u00e9s a\u00a0 t\u00e1mogat\u00f3k seg\u00edts\u00e9g\u00e9vel a verseny d\u00edjait. A versenyz\u0151k programoz\u00f3i \u00e9s felhaszn\u00e1l\u00f3i kateg\u00f3ri\u00e1ban indultak, valamint az iskol\u00e1k vet\u00e9lked\u0151j\u00e9ben.<\/p>\n<p>Az idei d\u00f6nt\u0151ben a levelez\u0151 fordul\u00f3k alapj\u00e1n 15 k\u00f6z\u00e9piskola 60 di\u00e1kja vett r\u00e9szt. A levelez\u0151 fordul\u00f3k eredm\u00e9nyei alapj\u00e1n Magyarorsz\u00e1g, Rom\u00e1nia, Szerbia \u00e9s Szlov\u00e1kia magyar tannyelv\u0171 iskol\u00e1i vehettek r\u00e9szt a d\u00f6nt\u0151n. Id\u00e9n 20 \u00e9v ut\u00e1n egy\u00e9ni versenny\u00e9 v\u00e1ltozott a megm\u00e9rettet\u00e9s. A k\u00f6z\u00e9piskola 1-2. \u00e9vfolyama a B kateg\u00f3ri\u00e1ban, a 3-4. \u00e9vfolyama az A kateg\u00f3ri\u00e1ban versenyzett programoz\u00f3i \u00e9s\u00a0 felhaszn\u00e1l\u00f3i kateg\u00f3ri\u00e1ban.<\/p>\n<p>&nbsp;<\/p>\n<p>Infoprog &#8211;\u00a0 <a href=\"http:\/\/www.infoprog.net\/\">http:\/\/www.infoprog.net\/<\/a><\/p>\n<p>Bemutat\u00f3k, k\u00e9pek :<\/p>\n<ul>\n<li><a href=\"http:\/\/www.infoprog.net\/pluginfile.php\/15112\/mod_resource\/content\/1\/Eredm%C3%A9nyek%202016%20nyomtat%C3%A1s.pdf\">Eredm\u00e9nyek<\/a><\/li>\n<li><a href=\"https:\/\/onedrive.live.com\/?cid=3e0561016b9e0ce3&amp;id=3E0561016B9E0CE3%211798&amp;authkey=%21ABtZpS9ziaQEMsI\">K\u00e9pek<\/a><\/li>\n<li><a href=\"https:\/\/onedrive.live.com\/?cid=3e0561016b9e0ce3&amp;id=3E0561016B9E0CE3%211686&amp;authkey=%21ABjs-eq5Cy1cWF8\">Konferencia<\/a><\/li>\n<\/ul>\n<p>&nbsp;<\/p>\n<p><img loading=\"lazy\" decoding=\"async\" class=\"alignnone size-full wp-image-100\" src=\"http:\/\/www.talentum.sk\/wp-content\/uploads\/2018\/03\/logo1.jpg\" alt=\"\" width=\"299\" height=\"75\" \/> <img loading=\"lazy\" decoding=\"async\" class=\"alignnone size-medium wp-image-98\" src=\"http:\/\/www.talentum.sk\/wp-content\/uploads\/2018\/03\/logo3-300x106.png\" alt=\"\" width=\"300\" height=\"106\" srcset=\"http:\/\/www.talentum.sk\/wp-content\/uploads\/2018\/03\/logo3-300x106.png 300w, http:\/\/www.talentum.sk\/wp-content\/uploads\/2018\/03\/logo3.png 492w\" sizes=\"auto, (max-width: 300px) 100vw, 300px\" \/> <img loading=\"lazy\" decoding=\"async\" class=\"alignnone size-medium wp-image-96\" src=\"http:\/\/www.talentum.sk\/wp-content\/uploads\/2018\/03\/logo5-300x205.png\" alt=\"\" width=\"300\" height=\"205\" srcset=\"http:\/\/www.talentum.sk\/wp-content\/uploads\/2018\/03\/logo5-300x205.png 300w, http:\/\/www.talentum.sk\/wp-content\/uploads\/2018\/03\/logo5.png 450w\" sizes=\"auto, (max-width: 300px) 100vw, 300px\" \/><\/p>\n","protected":false},"excerpt":{"rendered":"<p>&nbsp; Projekt c\u00edme : \u00a0XXI. INFOPROG 2016 \u2013 K\u00e1rp\u00e1t-medencei magyar k\u00f6z\u00e9piskol\u00e1k informatikai versenye, Szlov\u00e1kiai magyar k\u00f6z\u00e9piskol\u00e1k orsz\u00e1gos informatikai&hellip;<\/p>\n","protected":false},"author":1,"featured_media":0,"parent":0,"menu_order":0,"comment_status":"closed","ping_status":"closed","template":"","meta":{"footnotes":""},"class_list":["post-84","page","type-page","status-publish","hentry"],"_links":{"self":[{"href":"http:\/\/www.talentum.sk\/index.php\/wp-json\/wp\/v2\/pages\/84","targetHints":{"allow":["GET"]}}],"collection":[{"href":"http:\/\/www.talentum.sk\/index.php\/wp-json\/wp\/v2\/pages"}],"about":[{"href":"http:\/\/www.talentum.sk\/index.php\/wp-json\/wp\/v2\/types\/page"}],"author":[{"embeddable":true,"href":"http:\/\/www.talentum.sk\/index.php\/wp-json\/wp\/v2\/users\/1"}],"replies":[{"embeddable":true,"href":"http:\/\/www.talentum.sk\/index.php\/wp-json\/wp\/v2\/comments?post=84"}],"version-history":[{"count":5,"href":"http:\/\/www.talentum.sk\/index.php\/wp-json\/wp\/v2\/pages\/84\/revisions"}],"predecessor-version":[{"id":103,"href":"http:\/\/www.talentum.sk\/index.php\/wp-json\/wp\/v2\/pages\/84\/revisions\/103"}],"wp:attachment":[{"href":"http:\/\/www.talentum.sk\/index.php\/wp-json\/wp\/v2\/media?parent=84"}],"curies":[{"name":"wp","href":"https:\/\/api.w.org\/{rel}","templated":true}]}}