{"id":56,"date":"2018-02-24T13:59:51","date_gmt":"2018-02-24T12:59:51","guid":{"rendered":"http:\/\/www.talentum.sk\/?page_id=56"},"modified":"2018-03-01T14:36:31","modified_gmt":"2018-03-01T13:36:31","slug":"akkreditacio","status":"publish","type":"page","link":"http:\/\/www.talentum.sk\/index.php\/akkreditacio\/","title":{"rendered":"Akkredit\u00e1ci\u00f3 2014"},"content":{"rendered":"<p style=\"text-align: center;\">Nemzeti Tehets\u00e9gseg\u00edt\u0151 Tan\u00e1cs \u00c1ltal Akkredit\u00e1lt Kiv\u00e1l\u00f3 Tehets\u00e9gpont (2014)\u00a0 &#8211; Talentum Tehets\u00e9gpont F\u00fclek<\/p>\n<p><img loading=\"lazy\" decoding=\"async\" class=\"size-medium wp-image-57 aligncenter\" src=\"http:\/\/www.talentum.sk\/wp-content\/uploads\/2018\/02\/Akkredit\u00e1ci\u00f3-oklev\u00e9l-212x300.jpg\" alt=\"\" width=\"212\" height=\"300\" \/><\/p>\n","protected":false},"excerpt":{"rendered":"<p>Nemzeti Tehets\u00e9gseg\u00edt\u0151 Tan\u00e1cs \u00c1ltal Akkredit\u00e1lt Kiv\u00e1l\u00f3 Tehets\u00e9gpont (2014)\u00a0 &#8211; Talentum Tehets\u00e9gpont F\u00fclek<\/p>\n","protected":false},"author":1,"featured_media":0,"parent":0,"menu_order":0,"comment_status":"closed","ping_status":"closed","template":"","meta":{"footnotes":""},"class_list":["post-56","page","type-page","status-publish","hentry"],"_links":{"self":[{"href":"http:\/\/www.talentum.sk\/index.php\/wp-json\/wp\/v2\/pages\/56","targetHints":{"allow":["GET"]}}],"collection":[{"href":"http:\/\/www.talentum.sk\/index.php\/wp-json\/wp\/v2\/pages"}],"about":[{"href":"http:\/\/www.talentum.sk\/index.php\/wp-json\/wp\/v2\/types\/page"}],"author":[{"embeddable":true,"href":"http:\/\/www.talentum.sk\/index.php\/wp-json\/wp\/v2\/users\/1"}],"replies":[{"embeddable":true,"href":"http:\/\/www.talentum.sk\/index.php\/wp-json\/wp\/v2\/comments?post=56"}],"version-history":[{"count":4,"href":"http:\/\/www.talentum.sk\/index.php\/wp-json\/wp\/v2\/pages\/56\/revisions"}],"predecessor-version":[{"id":144,"href":"http:\/\/www.talentum.sk\/index.php\/wp-json\/wp\/v2\/pages\/56\/revisions\/144"}],"wp:attachment":[{"href":"http:\/\/www.talentum.sk\/index.php\/wp-json\/wp\/v2\/media?parent=56"}],"curies":[{"name":"wp","href":"https:\/\/api.w.org\/{rel}","templated":true}]}}