{"id":541,"date":"2026-01-25T12:45:11","date_gmt":"2026-01-25T11:45:11","guid":{"rendered":"http:\/\/www.talentum.sk\/?page_id=541"},"modified":"2026-01-25T13:04:40","modified_gmt":"2026-01-25T12:04:40","slug":"progrobodron","status":"publish","type":"page","link":"http:\/\/www.talentum.sk\/index.php\/progrobodron\/","title":{"rendered":"ProgRoboDron"},"content":{"rendered":"<div class=\"wp-block-image is-style-rounded\">\n<figure class=\"aligncenter size-full is-resized\"><img loading=\"lazy\" decoding=\"async\" width=\"1024\" height=\"1024\" src=\"http:\/\/www.talentum.sk\/wp-content\/uploads\/2026\/01\/ProgRoboDron-logo-1.png\" alt=\"\" class=\"wp-image-553\" style=\"width:544px;height:auto\" srcset=\"http:\/\/www.talentum.sk\/wp-content\/uploads\/2026\/01\/ProgRoboDron-logo-1.png 1024w, http:\/\/www.talentum.sk\/wp-content\/uploads\/2026\/01\/ProgRoboDron-logo-1-300x300.png 300w, http:\/\/www.talentum.sk\/wp-content\/uploads\/2026\/01\/ProgRoboDron-logo-1-150x150.png 150w, http:\/\/www.talentum.sk\/wp-content\/uploads\/2026\/01\/ProgRoboDron-logo-1-768x768.png 768w\" sizes=\"auto, (max-width: 1024px) 100vw, 1024px\" \/><\/figure>\n<\/div>\n\n\n<div style=\"height:37px\" aria-hidden=\"true\" class=\"wp-block-spacer\"><\/div>\n\n\n\n<p class=\"has-text-align-left\">Az e-Talentum \u00e9s a F\u00fcleki Gimn\u00e1zium k\u00f6z\u00f6s tehets\u00e9ggondoz\u00f3 projektje a 13\u201319 \u00e9ves koroszt\u00e1ly informatikai \u00e9s digit\u00e1lis k\u00e9szs\u00e9geinek fejleszt\u00e9s\u00e9re f\u00f3kusz\u00e1l. A program k\u00e9t f\u0151 pill\u00e9re: a virtu\u00e1lis programoz\u00f3 szakk\u00f6r Python nyelven (60 \u00f3r\u00e1s k\u00e9pz\u00e9s) \u00e9s a robotok\/dr\u00f3nok programoz\u00e1sa workshopok. C\u00e9lunk az algoritmikus gondolkod\u00e1s fejleszt\u00e9se, a modern technol\u00f3gi\u00e1k megismertet\u00e9se, a kreativit\u00e1s \u00e9s csapatmunka k\u00e9szs\u00e9gek er\u0151s\u00edt\u00e9se, valamint a hossz\u00fa t\u00e1v\u00fa \u00e9rdekl\u0151d\u00e9s felkelt\u00e9se az informatika ir\u00e1nt. A strat\u00e9giai c\u00e9l, hogy a  program n\u00f6velje az \u00e9rdekl\u0151d\u00e9st a STEM ter\u00fcletek ir\u00e1nt, biztos\u00edtsa az NTP t\u00e1mogat\u00e1s l\u00e1that\u00f3s\u00e1g\u00e1t \u00e9s t\u00e1rsadalmi elfogadotts\u00e1g\u00e1t, valamint hossz\u00fa t\u00e1v\u00fa szeml\u00e9letform\u00e1l\u00f3 hat\u00e1st \u00e9rjen el a digit\u00e1lis kompetenci\u00e1k ter\u00fclet\u00e9n.<\/p>\n\n\n\n<p>Id\u0151tartam: 2025. szeptember 1.  &#8211; 2026. augusztus 31. <br>T\u00e1mogat\u00e1s \u00f6sszege: <br>K5 \u2013 Egy\u00e9b m\u0171k\u00f6d\u00e9si c\u00e9l\u00fa kiad\u00e1sok : 4131,38 Eur             K8 \u2013 Egy\u00e9b felhalmoz\u00e1si c\u00e9l\u00fa kiad\u00e1sok : 1032,84 Eur<\/p>\n\n\n\n<h2 class=\"wp-block-heading has-text-align-center\">A program a <br>Nemzeti Tehets\u00e9g Program <br>\u00e9s a <br>Kultur\u00e1lis \u00e9s Innov\u00e1ci\u00f3s Miniszt\u00e9rium <br>t\u00e1mogat\u00e1s\u00e1val val\u00f3sul meg.<\/h2>\n\n\n<div class=\"wp-block-image\">\n<figure class=\"aligncenter size-full\"><img loading=\"lazy\" decoding=\"async\" width=\"1026\" height=\"179\" src=\"http:\/\/www.talentum.sk\/wp-content\/uploads\/2026\/01\/NTP-KIM-2.png\" alt=\"\" class=\"wp-image-551\" srcset=\"http:\/\/www.talentum.sk\/wp-content\/uploads\/2026\/01\/NTP-KIM-2.png 1026w, http:\/\/www.talentum.sk\/wp-content\/uploads\/2026\/01\/NTP-KIM-2-300x52.png 300w, http:\/\/www.talentum.sk\/wp-content\/uploads\/2026\/01\/NTP-KIM-2-1024x179.png 1024w, http:\/\/www.talentum.sk\/wp-content\/uploads\/2026\/01\/NTP-KIM-2-768x134.png 768w\" sizes=\"auto, (max-width: 1026px) 100vw, 1026px\" \/><\/figure>\n<\/div>\n\n\n<p><\/p>\n","protected":false},"excerpt":{"rendered":"<p>Az e-Talentum \u00e9s a F\u00fcleki Gimn\u00e1zium k\u00f6z\u00f6s tehets\u00e9ggondoz\u00f3 projektje a 13\u201319 \u00e9ves koroszt\u00e1ly informatikai \u00e9s digit\u00e1lis k\u00e9szs\u00e9geinek fejleszt\u00e9s\u00e9re&hellip;<\/p>\n","protected":false},"author":1,"featured_media":0,"parent":0,"menu_order":0,"comment_status":"closed","ping_status":"closed","template":"","meta":{"footnotes":""},"class_list":["post-541","page","type-page","status-publish","hentry"],"_links":{"self":[{"href":"http:\/\/www.talentum.sk\/index.php\/wp-json\/wp\/v2\/pages\/541","targetHints":{"allow":["GET"]}}],"collection":[{"href":"http:\/\/www.talentum.sk\/index.php\/wp-json\/wp\/v2\/pages"}],"about":[{"href":"http:\/\/www.talentum.sk\/index.php\/wp-json\/wp\/v2\/types\/page"}],"author":[{"embeddable":true,"href":"http:\/\/www.talentum.sk\/index.php\/wp-json\/wp\/v2\/users\/1"}],"replies":[{"embeddable":true,"href":"http:\/\/www.talentum.sk\/index.php\/wp-json\/wp\/v2\/comments?post=541"}],"version-history":[{"count":9,"href":"http:\/\/www.talentum.sk\/index.php\/wp-json\/wp\/v2\/pages\/541\/revisions"}],"predecessor-version":[{"id":556,"href":"http:\/\/www.talentum.sk\/index.php\/wp-json\/wp\/v2\/pages\/541\/revisions\/556"}],"wp:attachment":[{"href":"http:\/\/www.talentum.sk\/index.php\/wp-json\/wp\/v2\/media?parent=541"}],"curies":[{"name":"wp","href":"https:\/\/api.w.org\/{rel}","templated":true}]}}