{"id":527,"date":"2026-01-25T11:48:13","date_gmt":"2026-01-25T10:48:13","guid":{"rendered":"http:\/\/www.talentum.sk\/?page_id=527"},"modified":"2026-01-25T11:55:45","modified_gmt":"2026-01-25T10:55:45","slug":"digirobodron","status":"publish","type":"page","link":"http:\/\/www.talentum.sk\/index.php\/digirobodron\/","title":{"rendered":"DigiRoboDron"},"content":{"rendered":"\n<figure class=\"wp-block-image size-large\"><img loading=\"lazy\" decoding=\"async\" width=\"1024\" height=\"575\" src=\"http:\/\/www.talentum.sk\/wp-content\/uploads\/2026\/01\/DigiRoboDron-projekt-1-1024x575.png\" alt=\"\" class=\"wp-image-533\" srcset=\"http:\/\/www.talentum.sk\/wp-content\/uploads\/2026\/01\/DigiRoboDron-projekt-1-1024x575.png 1024w, http:\/\/www.talentum.sk\/wp-content\/uploads\/2026\/01\/DigiRoboDron-projekt-1-300x169.png 300w, http:\/\/www.talentum.sk\/wp-content\/uploads\/2026\/01\/DigiRoboDron-projekt-1-768x431.png 768w, http:\/\/www.talentum.sk\/wp-content\/uploads\/2026\/01\/DigiRoboDron-projekt-1.png 1223w\" sizes=\"auto, (max-width: 1024px) 100vw, 1024px\" \/><\/figure>\n\n\n\n<div style=\"height:34px\" aria-hidden=\"true\" class=\"wp-block-spacer\"><\/div>\n\n\n\n<p class=\"has-text-align-center\">DigiRoboDron 2025 \u2013 Digit\u00e1lne dobrodru\u017estv\u00e1 pre \u0161koly je projekt zameran\u00fd na rozvoj digit\u00e1lnych kompetenci\u00ed \u017eiakov z\u00e1kladn\u00fdch a stredn\u00fdch \u0161k\u00f4l prostredn\u00edctvom e-vzdel\u00e1vania, programovania, robotiky a t\u00edmov\u00fdch s\u00fa\u0165a\u017e\u00ed. V prvej \u010dasti zrealizujeme 8\u201312 workshopov na z\u00e1kladn\u00fdch \u0161kol\u00e1ch s r\u00f4zn\u00fdmi aktivitami ako programovanie dronov a LEGO Spike robotov a s\u00fa\u0165a\u017e AlgoritM\u00e1gia. V druhej \u010dasti otvor\u00edme online kr\u00fa\u017eok (Virtu\u00e1lny programovac\u00ed kr\u00fa\u017eok) v Pythone pre \u017eiakov 8.\u20139. ro\u010dn\u00edka. Tre\u0165ou \u010das\u0165ou je inovat\u00edvna verzia s\u00fa\u0165a\u017ee INFOPROG 2.0 pre stredo\u0161kol\u00e1kov \u2013 s d\u00f4razom na t\u00edmov\u00e9 v\u00fdzvy, praktick\u00e9 programovanie, \u00fanikov\u00fa hru a prezent\u00e1cie \u0161tudentsk\u00fdch projektov. V\u00fdsledkom projektu bude zapojenie 100-200 \u017eiakov do e-vzdel\u00e1vac\u00edch aktiv\u00edt, vytvorenie metodick\u00fdch materi\u00e1lov, moderniz\u00e1cia s\u00fa\u0165a\u017ee INFOPROG pre \u010fal\u0161ie roky.\u0160tvrtou \u010das\u0165ou je samostatn\u00e1 informatick\u00e1 s\u00fa\u0165a\u017e AlgoritM\u00e1nia pre \u017eiakov 7.\u20139. ro\u010dn\u00edka Z\u0160.<\/p>\n\n\n\n<div style=\"height:26px\" aria-hidden=\"true\" class=\"wp-block-spacer\"><\/div>\n\n\n\n<h2 class=\"wp-block-heading alignwide has-text-align-center\">Tento projekt finan\u010dne podporuje Fond SK-NIC.<br>A projekt a FOND SK-NIC t\u00e1mogat\u00e1s\u00e1val j\u00f6tt l\u00e9tre.<\/h2>\n\n\n<div class=\"wp-block-image\">\n<figure class=\"aligncenter size-full\"><img loading=\"lazy\" decoding=\"async\" width=\"915\" height=\"231\" src=\"http:\/\/www.talentum.sk\/wp-content\/uploads\/2026\/01\/SK-NIC-plusz.png\" alt=\"\" class=\"wp-image-529\" srcset=\"http:\/\/www.talentum.sk\/wp-content\/uploads\/2026\/01\/SK-NIC-plusz.png 915w, http:\/\/www.talentum.sk\/wp-content\/uploads\/2026\/01\/SK-NIC-plusz-300x76.png 300w, http:\/\/www.talentum.sk\/wp-content\/uploads\/2026\/01\/SK-NIC-plusz-768x194.png 768w\" sizes=\"auto, (max-width: 915px) 100vw, 915px\" \/><\/figure>\n<\/div>\n\n\n<p><\/p>\n","protected":false},"excerpt":{"rendered":"<p>DigiRoboDron 2025 \u2013 Digit\u00e1lne dobrodru\u017estv\u00e1 pre \u0161koly je projekt zameran\u00fd na rozvoj digit\u00e1lnych kompetenci\u00ed \u017eiakov z\u00e1kladn\u00fdch a stredn\u00fdch&hellip;<\/p>\n","protected":false},"author":1,"featured_media":0,"parent":0,"menu_order":0,"comment_status":"closed","ping_status":"closed","template":"","meta":{"footnotes":""},"class_list":["post-527","page","type-page","status-publish","hentry"],"_links":{"self":[{"href":"http:\/\/www.talentum.sk\/index.php\/wp-json\/wp\/v2\/pages\/527","targetHints":{"allow":["GET"]}}],"collection":[{"href":"http:\/\/www.talentum.sk\/index.php\/wp-json\/wp\/v2\/pages"}],"about":[{"href":"http:\/\/www.talentum.sk\/index.php\/wp-json\/wp\/v2\/types\/page"}],"author":[{"embeddable":true,"href":"http:\/\/www.talentum.sk\/index.php\/wp-json\/wp\/v2\/users\/1"}],"replies":[{"embeddable":true,"href":"http:\/\/www.talentum.sk\/index.php\/wp-json\/wp\/v2\/comments?post=527"}],"version-history":[{"count":8,"href":"http:\/\/www.talentum.sk\/index.php\/wp-json\/wp\/v2\/pages\/527\/revisions"}],"predecessor-version":[{"id":540,"href":"http:\/\/www.talentum.sk\/index.php\/wp-json\/wp\/v2\/pages\/527\/revisions\/540"}],"wp:attachment":[{"href":"http:\/\/www.talentum.sk\/index.php\/wp-json\/wp\/v2\/media?parent=527"}],"curies":[{"name":"wp","href":"https:\/\/api.w.org\/{rel}","templated":true}]}}