{"id":512,"date":"2025-11-08T13:24:31","date_gmt":"2025-11-08T12:24:31","guid":{"rendered":"http:\/\/www.talentum.sk\/?page_id=512"},"modified":"2025-11-08T13:30:11","modified_gmt":"2025-11-08T12:30:11","slug":"infoprog","status":"publish","type":"page","link":"http:\/\/www.talentum.sk\/index.php\/infoprog\/","title":{"rendered":"Infoprog"},"content":{"rendered":"<div class=\"wp-block-image\">\n<figure class=\"aligncenter size-full\"><img loading=\"lazy\" decoding=\"async\" width=\"536\" height=\"538\" src=\"http:\/\/www.talentum.sk\/wp-content\/uploads\/2025\/11\/Infoprog-logo-SK.png\" alt=\"\" class=\"wp-image-513\" srcset=\"http:\/\/www.talentum.sk\/wp-content\/uploads\/2025\/11\/Infoprog-logo-SK.png 536w, http:\/\/www.talentum.sk\/wp-content\/uploads\/2025\/11\/Infoprog-logo-SK-300x300.png 300w, http:\/\/www.talentum.sk\/wp-content\/uploads\/2025\/11\/Infoprog-logo-SK-150x150.png 150w\" sizes=\"auto, (max-width: 536px) 100vw, 536px\" \/><\/figure>\n<\/div>\n\n\n<figure class=\"wp-block-image size-full\"><img loading=\"lazy\" decoding=\"async\" width=\"917\" height=\"687\" src=\"http:\/\/www.talentum.sk\/wp-content\/uploads\/2025\/11\/image-1.png\" alt=\"A k\u00e9phez tartoz\u00f3 alt jellemz\u0151 \u00fcres; poszter-SK.png a f\u00e1jln\u00e9v\" class=\"wp-image-520\" srcset=\"http:\/\/www.talentum.sk\/wp-content\/uploads\/2025\/11\/image-1.png 917w, http:\/\/www.talentum.sk\/wp-content\/uploads\/2025\/11\/image-1-300x225.png 300w, http:\/\/www.talentum.sk\/wp-content\/uploads\/2025\/11\/image-1-768x575.png 768w\" sizes=\"auto, (max-width: 917px) 100vw, 917px\" \/><\/figure>\n\n\n\n<h4 class=\"wp-block-heading has-text-align-center\"><a href=\"http:\/\/www.infoprog.net\">www.infoprog.net<\/a><\/h4>\n\n\n\n<h6 class=\"wp-block-heading has-text-align-center\"><a href=\"http:\/\/www.talentum.sk\/wp-content\/uploads\/2025\/11\/Organizacny-poriadok-sutaze-Infoprog.pdf\" data-type=\"link\" data-id=\"http:\/\/www.talentum.sk\/wp-content\/uploads\/2025\/11\/Organizacny-poriadok-sutaze-Infoprog.pdf\">Organiza\u010dn\u00fd-poriadok-s\u00fa\u0165a\u017ee Infoprog<\/a><\/h6>\n","protected":false},"excerpt":{"rendered":"<p>www.infoprog.net Organiza\u010dn\u00fd-poriadok-s\u00fa\u0165a\u017ee Infoprog<\/p>\n","protected":false},"author":1,"featured_media":0,"parent":0,"menu_order":0,"comment_status":"closed","ping_status":"closed","template":"","meta":{"footnotes":""},"class_list":["post-512","page","type-page","status-publish","hentry"],"_links":{"self":[{"href":"http:\/\/www.talentum.sk\/index.php\/wp-json\/wp\/v2\/pages\/512","targetHints":{"allow":["GET"]}}],"collection":[{"href":"http:\/\/www.talentum.sk\/index.php\/wp-json\/wp\/v2\/pages"}],"about":[{"href":"http:\/\/www.talentum.sk\/index.php\/wp-json\/wp\/v2\/types\/page"}],"author":[{"embeddable":true,"href":"http:\/\/www.talentum.sk\/index.php\/wp-json\/wp\/v2\/users\/1"}],"replies":[{"embeddable":true,"href":"http:\/\/www.talentum.sk\/index.php\/wp-json\/wp\/v2\/comments?post=512"}],"version-history":[{"count":6,"href":"http:\/\/www.talentum.sk\/index.php\/wp-json\/wp\/v2\/pages\/512\/revisions"}],"predecessor-version":[{"id":524,"href":"http:\/\/www.talentum.sk\/index.php\/wp-json\/wp\/v2\/pages\/512\/revisions\/524"}],"wp:attachment":[{"href":"http:\/\/www.talentum.sk\/index.php\/wp-json\/wp\/v2\/media?parent=512"}],"curies":[{"name":"wp","href":"https:\/\/api.w.org\/{rel}","templated":true}]}}