{"id":481,"date":"2024-06-05T10:30:30","date_gmt":"2024-06-05T08:30:30","guid":{"rendered":"http:\/\/www.talentum.sk\/?page_id=481"},"modified":"2024-06-05T11:49:06","modified_gmt":"2024-06-05T09:49:06","slug":"kodtabor-pre-digitalnych-objavitelov","status":"publish","type":"page","link":"http:\/\/www.talentum.sk\/index.php\/kodtabor-pre-digitalnych-objavitelov\/","title":{"rendered":"K\u00f3dt\u00e1bor"},"content":{"rendered":"<div class=\"wp-block-image\">\n<figure class=\"aligncenter is-resized\"><img loading=\"lazy\" decoding=\"async\" width=\"1024\" height=\"1024\" src=\"http:\/\/www.talentum.sk\/wp-content\/uploads\/2024\/06\/kodtabor-logo.png\" alt=\"\" class=\"wp-image-484\" style=\"width:880px;height:auto\" srcset=\"http:\/\/www.talentum.sk\/wp-content\/uploads\/2024\/06\/kodtabor-logo.png 1024w, http:\/\/www.talentum.sk\/wp-content\/uploads\/2024\/06\/kodtabor-logo-300x300.png 300w, http:\/\/www.talentum.sk\/wp-content\/uploads\/2024\/06\/kodtabor-logo-150x150.png 150w, http:\/\/www.talentum.sk\/wp-content\/uploads\/2024\/06\/kodtabor-logo-768x768.png 768w\" sizes=\"auto, (max-width: 1024px) 100vw, 1024px\" \/><\/figure>\n<\/div>\n\n\n<p class=\"has-text-align-center\">Projekt je letn\u00fd t\u00e1bor pre deti do 16 rokov, kde sa nau\u010dia programova\u0165 drony, robotick\u00e9ho psa a aut\u00e1. Kombinuje online a offline activity, ako napr\u00edklad hranie hier, h\u013eadanie pokladov a programovanie \u00faloh. Cie\u013eom je rozv\u00edja\u0165 digit\u00e1lne zru\u010dnosti a podpori\u0165 z\u00e1ujem det\u00ed o technol\u00f3gie, pri\u010dom sa sna\u017e\u00edme prepoji\u0165<br>digit\u00e1lny svet s vo\u013eno\u010dasov\u00fdmi aktivitami. Na z\u00e1ver projektu, \u0161tudenti bud\u00fa ma\u0165 mo\u017enos\u0165 prezentova\u0165 svoje dosiahnut\u00e9 vedomosti prostredn\u00edctvom absolvovania prek\u00e1\u017ekovej dr\u00e1hy s programovate\u013en\u00fdmi dronmi a robotick\u00fdmi autami. T\u00e1to dr\u00e1ha bude zah\u0155\u0148a\u0165 r\u00f4zne \u00falohy, ktor\u00e9 \u0161tudenti musia \u00faspe\u0161ne zvl\u00e1dnu\u0165 pomocou svojich programovac\u00edch schopnost\u00ed a t\u00edmovej spolupr\u00e1ce.<\/p>\n\n\n\n<p class=\"has-text-align-center\"><a href=\"http:\/\/www.talentum.sk\/dron\">www.talentum.sk\/dron<\/a><\/p>\n\n\n<div class=\"wp-block-image\">\n<figure class=\"aligncenter size-large\"><img loading=\"lazy\" decoding=\"async\" width=\"1024\" height=\"567\" src=\"http:\/\/www.talentum.sk\/wp-content\/uploads\/2024\/06\/Kodtabor-1024x567.png\" alt=\"\" class=\"wp-image-486\" srcset=\"http:\/\/www.talentum.sk\/wp-content\/uploads\/2024\/06\/Kodtabor-1024x567.png 1024w, http:\/\/www.talentum.sk\/wp-content\/uploads\/2024\/06\/Kodtabor-300x166.png 300w, http:\/\/www.talentum.sk\/wp-content\/uploads\/2024\/06\/Kodtabor-768x426.png 768w, http:\/\/www.talentum.sk\/wp-content\/uploads\/2024\/06\/Kodtabor.png 1359w\" sizes=\"auto, (max-width: 1024px) 100vw, 1024px\" \/><\/figure>\n<\/div>\n\n<div class=\"wp-block-image\">\n<figure class=\"aligncenter size-full\"><img loading=\"lazy\" decoding=\"async\" width=\"832\" height=\"219\" src=\"http:\/\/www.talentum.sk\/wp-content\/uploads\/2024\/06\/logok.png\" alt=\"\" class=\"wp-image-487\" srcset=\"http:\/\/www.talentum.sk\/wp-content\/uploads\/2024\/06\/logok.png 832w, http:\/\/www.talentum.sk\/wp-content\/uploads\/2024\/06\/logok-300x79.png 300w, http:\/\/www.talentum.sk\/wp-content\/uploads\/2024\/06\/logok-768x202.png 768w\" sizes=\"auto, (max-width: 832px) 100vw, 832px\" \/><\/figure>\n<\/div>","protected":false},"excerpt":{"rendered":"<p>Projekt je letn\u00fd t\u00e1bor pre deti do 16 rokov, kde sa nau\u010dia programova\u0165 drony, robotick\u00e9ho psa a aut\u00e1.&hellip;<\/p>\n","protected":false},"author":1,"featured_media":0,"parent":0,"menu_order":0,"comment_status":"closed","ping_status":"closed","template":"","meta":{"footnotes":""},"class_list":["post-481","page","type-page","status-publish","hentry"],"_links":{"self":[{"href":"http:\/\/www.talentum.sk\/index.php\/wp-json\/wp\/v2\/pages\/481","targetHints":{"allow":["GET"]}}],"collection":[{"href":"http:\/\/www.talentum.sk\/index.php\/wp-json\/wp\/v2\/pages"}],"about":[{"href":"http:\/\/www.talentum.sk\/index.php\/wp-json\/wp\/v2\/types\/page"}],"author":[{"embeddable":true,"href":"http:\/\/www.talentum.sk\/index.php\/wp-json\/wp\/v2\/users\/1"}],"replies":[{"embeddable":true,"href":"http:\/\/www.talentum.sk\/index.php\/wp-json\/wp\/v2\/comments?post=481"}],"version-history":[{"count":8,"href":"http:\/\/www.talentum.sk\/index.php\/wp-json\/wp\/v2\/pages\/481\/revisions"}],"predecessor-version":[{"id":494,"href":"http:\/\/www.talentum.sk\/index.php\/wp-json\/wp\/v2\/pages\/481\/revisions\/494"}],"wp:attachment":[{"href":"http:\/\/www.talentum.sk\/index.php\/wp-json\/wp\/v2\/media?parent=481"}],"curies":[{"name":"wp","href":"https:\/\/api.w.org\/{rel}","templated":true}]}}