{"id":392,"date":"2023-01-22T12:00:01","date_gmt":"2023-01-22T11:00:01","guid":{"rendered":"http:\/\/www.talentum.sk\/?page_id=392"},"modified":"2023-01-22T14:04:23","modified_gmt":"2023-01-22T13:04:23","slug":"digitalna-magia-prelietave-drony","status":"publish","type":"page","link":"http:\/\/www.talentum.sk\/index.php\/digitalna-magia-prelietave-drony\/","title":{"rendered":"Digit\u00e1lna M\u00e1gia-Prelietav\u00e9 drony"},"content":{"rendered":"\n<h2 class=\"wp-block-heading\"><\/h2>\n\n\n\n<figure class=\"wp-block-image size-large\"><img loading=\"lazy\" decoding=\"async\" width=\"1024\" height=\"575\" src=\"http:\/\/www.talentum.sk\/wp-content\/uploads\/2023\/01\/poster-Digitalna-Magia-Prelietave-drony-1024x575.png\" alt=\"\" class=\"wp-image-395\" srcset=\"http:\/\/www.talentum.sk\/wp-content\/uploads\/2023\/01\/poster-Digitalna-Magia-Prelietave-drony-1024x575.png 1024w, http:\/\/www.talentum.sk\/wp-content\/uploads\/2023\/01\/poster-Digitalna-Magia-Prelietave-drony-300x168.png 300w, http:\/\/www.talentum.sk\/wp-content\/uploads\/2023\/01\/poster-Digitalna-Magia-Prelietave-drony-768x431.png 768w, http:\/\/www.talentum.sk\/wp-content\/uploads\/2023\/01\/poster-Digitalna-Magia-Prelietave-drony-1536x862.png 1536w, http:\/\/www.talentum.sk\/wp-content\/uploads\/2023\/01\/poster-Digitalna-Magia-Prelietave-drony.png 1673w\" sizes=\"auto, (max-width: 1024px) 100vw, 1024px\" \/><\/figure>\n\n\n\n<p class=\"has-text-align-left has-medium-font-size\">Ob\u010dianske zdru\u017eenie e-Talentum v spolupr\u00e1ci s gymn\u00e1ziom vo Fi\u013eakove usporiada s\u00e9riu workshopov pre pedag\u00f3gov a pre \u0161tudentov z\u00e1kladn\u00fdch a stredn\u00fdch \u0161k\u00f4l. Z\u00e1merom projektu Digit\u00e1lna M\u00e1gia-Prelietav\u00e9 drony je zavies\u0165 \u0161tudentov a pedag\u00f3gov do sveta programovate\u013en\u00fdch dronov. Na workshopoch  \u0161tudenti gymn\u00e1zia odovzdaj\u00fa svoje sk\u00fasenosti \u017eiakom Z\u0160, S\u0160 uk\u00e1\u017eu im sp\u00f4sob ovl\u00e1dania a  rogramovania dronov. Cie\u013eom navrhnut\u00fdch aktiv\u00edt je vzbudi\u0165 v \u017eiakoch pozit\u00edvny vz\u0165ah k programovaniu a pouk\u00e1za\u0165 na to, \u017ee programovanie m\u00f4\u017ee by\u0165 aj hrav\u00e9 a z\u00e1bavn\u00e9. <br>V r\u00e1mci projektu si bud\u00fa m\u00f4c\u0165 \u0161koly vypo\u017ei\u010da\u0165 od na\u0161ej \u0161koly sadu programovate\u013en\u00fdch dronov bezplatne.<\/p>\n\n\n\n<p>Aktivity projektu:<\/p>\n\n\n\n<ul class=\"wp-block-list\"><li>Programovanie dronov -Vytvori\u0165 kvalitn\u00e9 digit\u00e1lne u\u010debn\u00e9 materi\u00e1ly, webstr\u00e1nku s pedag\u00f3gmi a \u0161tudentmi na\u0161ej \u0161koly, ktor\u00ed sa zapoja do programu. Na programovanie dronov vytvor\u00edme u\u010debn\u00e9 materi\u00e1ly pre triedy s vyu\u010dovac\u00edm jazykom slovensk\u00fdm a ma\u010farsk\u00fdm. Tieto v\u00fdukov\u00e9 materi\u00e1ly bud\u00fa sl\u00fa\u017ei\u0165 jednak pre vlastn\u00e9 potreby vyu\u010duj\u00facich ale aj pre \u0161ir\u0161iu komunitu pedag\u00f3gov.<\/li><li>Organizova\u0165 workshopy pre \u0161tudentov, pedag\u00f3gov na\u0161ej \u0161koly ale aj pre ostatn\u00e9 \u0161koly z cel\u00e9ho Slovenska.<\/li><li>\u0160tudenti gymn\u00e1zia bud\u00fa nielen ich kou\u010dami a komunika\u010dn\u00fdmi partnermi, ale sami bud\u00fa rozv\u00edja\u0165 svoje kompetencie v oblasti algoritmiz\u00e1cie a programovania.<\/li><\/ul>\n\n\n\n<figure class=\"wp-block-image size-large\"><img loading=\"lazy\" decoding=\"async\" width=\"1024\" height=\"529\" src=\"http:\/\/www.talentum.sk\/wp-content\/uploads\/2023\/01\/programovanie-dronov-1024x529.png\" alt=\"\" class=\"wp-image-402\" srcset=\"http:\/\/www.talentum.sk\/wp-content\/uploads\/2023\/01\/programovanie-dronov-1024x529.png 1024w, http:\/\/www.talentum.sk\/wp-content\/uploads\/2023\/01\/programovanie-dronov-300x155.png 300w, http:\/\/www.talentum.sk\/wp-content\/uploads\/2023\/01\/programovanie-dronov-768x397.png 768w, http:\/\/www.talentum.sk\/wp-content\/uploads\/2023\/01\/programovanie-dronov.png 1296w\" sizes=\"auto, (max-width: 1024px) 100vw, 1024px\" \/><\/figure>\n\n\n\n<p><a href=\"http:\/\/www.talentum.sk\/dron\" data-type=\"URL\" data-id=\"www.talentum.sk\/dron\">www.talentum.sk\/dron<\/a><\/p>\n\n\n\n<figure class=\"wp-block-image size-full\"><img loading=\"lazy\" decoding=\"async\" width=\"867\" height=\"362\" src=\"http:\/\/www.talentum.sk\/wp-content\/uploads\/2023\/01\/FOND.png\" alt=\"\" class=\"wp-image-399\" srcset=\"http:\/\/www.talentum.sk\/wp-content\/uploads\/2023\/01\/FOND.png 867w, http:\/\/www.talentum.sk\/wp-content\/uploads\/2023\/01\/FOND-300x125.png 300w, http:\/\/www.talentum.sk\/wp-content\/uploads\/2023\/01\/FOND-768x321.png 768w\" sizes=\"auto, (max-width: 867px) 100vw, 867px\" \/><\/figure>\n","protected":false},"excerpt":{"rendered":"<p>Ob\u010dianske zdru\u017eenie e-Talentum v spolupr\u00e1ci s gymn\u00e1ziom vo Fi\u013eakove usporiada s\u00e9riu workshopov pre pedag\u00f3gov a pre \u0161tudentov z\u00e1kladn\u00fdch&hellip;<\/p>\n","protected":false},"author":1,"featured_media":0,"parent":0,"menu_order":0,"comment_status":"closed","ping_status":"closed","template":"","meta":{"footnotes":""},"class_list":["post-392","page","type-page","status-publish","hentry"],"_links":{"self":[{"href":"http:\/\/www.talentum.sk\/index.php\/wp-json\/wp\/v2\/pages\/392","targetHints":{"allow":["GET"]}}],"collection":[{"href":"http:\/\/www.talentum.sk\/index.php\/wp-json\/wp\/v2\/pages"}],"about":[{"href":"http:\/\/www.talentum.sk\/index.php\/wp-json\/wp\/v2\/types\/page"}],"author":[{"embeddable":true,"href":"http:\/\/www.talentum.sk\/index.php\/wp-json\/wp\/v2\/users\/1"}],"replies":[{"embeddable":true,"href":"http:\/\/www.talentum.sk\/index.php\/wp-json\/wp\/v2\/comments?post=392"}],"version-history":[{"count":8,"href":"http:\/\/www.talentum.sk\/index.php\/wp-json\/wp\/v2\/pages\/392\/revisions"}],"predecessor-version":[{"id":409,"href":"http:\/\/www.talentum.sk\/index.php\/wp-json\/wp\/v2\/pages\/392\/revisions\/409"}],"wp:attachment":[{"href":"http:\/\/www.talentum.sk\/index.php\/wp-json\/wp\/v2\/media?parent=392"}],"curies":[{"name":"wp","href":"https:\/\/api.w.org\/{rel}","templated":true}]}}