{"id":383,"date":"2022-11-17T13:49:23","date_gmt":"2022-11-17T12:49:23","guid":{"rendered":"http:\/\/www.talentum.sk\/?page_id=383"},"modified":"2022-11-17T13:50:18","modified_gmt":"2022-11-17T12:50:18","slug":"27-karpat-medencei-informatikai-verseny-es-tabor","status":"publish","type":"page","link":"http:\/\/www.talentum.sk\/index.php\/27-karpat-medencei-informatikai-verseny-es-tabor\/","title":{"rendered":"27. K\u00e1rp\u00e1t-medencei informatikai verseny \u00e9s t\u00e1bor"},"content":{"rendered":"<div class=\"wp-block-image\">\n<figure class=\"aligncenter\"><img loading=\"lazy\" decoding=\"async\" width=\"300\" height=\"278\" src=\"http:\/\/www.talentum.sk\/wp-content\/uploads\/2018\/03\/e-Talentum_logo-300x278.jpg\" alt=\"\" class=\"wp-image-86\" srcset=\"http:\/\/www.talentum.sk\/wp-content\/uploads\/2018\/03\/e-Talentum_logo-300x278.jpg 300w, http:\/\/www.talentum.sk\/wp-content\/uploads\/2018\/03\/e-Talentum_logo-768x712.jpg 768w, http:\/\/www.talentum.sk\/wp-content\/uploads\/2018\/03\/e-Talentum_logo.jpg 802w\" sizes=\"auto, (max-width: 300px) 100vw, 300px\" \/><\/figure>\n<\/div>\n\n\n<p><strong>Projekt c\u00edme<\/strong> : \u00a027. K\u00e1rp\u00e1t-medencei informatikai verseny \u00e9s t\u00e1bor<\/p>\n\n\n\n<p><strong>Projekt kezdete<\/strong> : 2022.01.01.<\/p>\n\n\n\n<p><strong>Projekt v\u00e9ge<\/strong> : 2022.12.31.<\/p>\n\n\n\n<p><strong>Projekt \u00f6sszk\u00f6lts\u00e9ge<\/strong> :\u00a0 1\u00a0252,32 Eur ( 500 000 Ft)<\/p>\n\n\n\n<p><strong>T\u00e1mogat\u00f3 szervezet<\/strong> : Bethlen G\u00e1bor Alapkezel\u0151 Zrt.<\/p>\n\n\n\n<p><strong>Projekt le\u00edr\u00e1sa<\/strong> :<\/p>\n\n\n\n<p>XXVII. Infoprog &#8211; magyar k\u00f6z\u00e9piskol\u00e1k orsz\u00e1gos \u00e9s K\u00e1rp\u00e1t-medencei informatikai versenye<br>Az e-Talentum civil szervezet, a F\u00fcleki Gimn\u00e1zium, a R\u00e1k\u00f3czi Sz\u00f6vets\u00e9g, az EMMI t\u00e1mogat\u00e1s\u00e1val 2022. \u00e1prilis\u00e1ban m\u00e1r huszonhetedik alkalommal rendezte meg F\u00fcleken a szlov\u00e1kiai magyar k\u00f6z\u00e9piskol\u00e1k orsz\u00e1gos informatikai verseny\u00e9t \u00e9s a k\u00e1rp\u00e1t-medencei magyar k\u00f6z\u00e9piskol\u00e1k verseny\u00e9t, az INFOPROG 2022-t.\u00a0 A szlov\u00e1kiai magyar k\u00f6z\u00e9piskol\u00e1sok versenye m\u00e1r t\u00f6bb \u00e9ve a K\u00e1rp\u00e1t-medencei magyar k\u00f6z\u00e9piskol\u00e1k informatikai verseny\u00e9v\u00e9 is v\u00e1lt.<\/p>\n\n\n\n<p> Informatikai tehets\u00e9ggondoz\u00f3 t\u00e1bor, c\u00e9lcsoport 13-19 \u00e9ves di\u00e1kok, helysz\u00edn, F\u00fclek,<br>Kokava di\u00e1kt\u00e1bor. Az informatikai tehets\u00e9ggondoz\u00e1s t\u00f6bb\u00e9ves programj\u00e1t szeretn\u00e9nk folytatni \u00faj<br>elemekkel b\u0151v\u00edtve. C\u00e9lunk a programoz\u00e1s n\u00e9pszer\u0171s\u00edt\u00e9se a tehets\u00e9ges k\u00f6z\u00e9piskol\u00e1sok, alapiskol\u00e1sok<br>k\u00f6r\u00e9ben. Egy\u00fattal seg\u00edts\u00e9get ny\u00fajtunk a p\u00e1lyav\u00e1laszt\u00e1shoz \u00e9s a szakemberhi\u00e1nyhoz. Az algoritmikus<br>gondolkod\u00e1s, kreativit\u00e1s fejleszt\u00e9se saj\u00e1t k\u00e9sz\u00edt\u00e9s\u0171 applik\u00e1ci\u00f3k, oktat\u00e1sban hasznos\u00edthat\u00f3<br>oktat\u00f3programok l\u00e9trehoz\u00e1s\u00e1val.<\/p>\n\n\n\n<p><\/p>\n\n\n\n<figure class=\"wp-block-image size-full\"><img loading=\"lazy\" decoding=\"async\" width=\"916\" height=\"205\" src=\"http:\/\/www.talentum.sk\/wp-content\/uploads\/2022\/11\/image.png\" alt=\"\" class=\"wp-image-385\" srcset=\"http:\/\/www.talentum.sk\/wp-content\/uploads\/2022\/11\/image.png 916w, http:\/\/www.talentum.sk\/wp-content\/uploads\/2022\/11\/image-300x67.png 300w, http:\/\/www.talentum.sk\/wp-content\/uploads\/2022\/11\/image-768x172.png 768w\" sizes=\"auto, (max-width: 916px) 100vw, 916px\" \/><\/figure>\n\n\n\n<p><\/p>\n\n\n\n<p>Weboldal &#8211;  <a href=\"http:\/\/www.infoprog.net\/\">http:\/\/www.infoprog.net\/<\/a>, \u00a0 <a href=\"http:\/\/www.i-skola.net\/\">http:\/\/www.i-skola.net\/<\/a><\/p>\n","protected":false},"excerpt":{"rendered":"<p>Projekt c\u00edme : \u00a027. K\u00e1rp\u00e1t-medencei informatikai verseny \u00e9s t\u00e1bor Projekt kezdete : 2022.01.01. Projekt v\u00e9ge : 2022.12.31. Projekt&hellip;<\/p>\n","protected":false},"author":1,"featured_media":0,"parent":0,"menu_order":0,"comment_status":"closed","ping_status":"closed","template":"","meta":{"footnotes":""},"class_list":["post-383","page","type-page","status-publish","hentry"],"_links":{"self":[{"href":"http:\/\/www.talentum.sk\/index.php\/wp-json\/wp\/v2\/pages\/383","targetHints":{"allow":["GET"]}}],"collection":[{"href":"http:\/\/www.talentum.sk\/index.php\/wp-json\/wp\/v2\/pages"}],"about":[{"href":"http:\/\/www.talentum.sk\/index.php\/wp-json\/wp\/v2\/types\/page"}],"author":[{"embeddable":true,"href":"http:\/\/www.talentum.sk\/index.php\/wp-json\/wp\/v2\/users\/1"}],"replies":[{"embeddable":true,"href":"http:\/\/www.talentum.sk\/index.php\/wp-json\/wp\/v2\/comments?post=383"}],"version-history":[{"count":4,"href":"http:\/\/www.talentum.sk\/index.php\/wp-json\/wp\/v2\/pages\/383\/revisions"}],"predecessor-version":[{"id":388,"href":"http:\/\/www.talentum.sk\/index.php\/wp-json\/wp\/v2\/pages\/383\/revisions\/388"}],"wp:attachment":[{"href":"http:\/\/www.talentum.sk\/index.php\/wp-json\/wp\/v2\/media?parent=383"}],"curies":[{"name":"wp","href":"https:\/\/api.w.org\/{rel}","templated":true}]}}