{"id":33,"date":"2018-02-24T13:43:17","date_gmt":"2018-02-24T12:43:17","guid":{"rendered":"http:\/\/www.talentum.sk\/?page_id=33"},"modified":"2018-03-01T09:43:40","modified_gmt":"2018-03-01T08:43:40","slug":"polgari-tarsulas","status":"publish","type":"page","link":"http:\/\/www.talentum.sk\/index.php\/polgari-tarsulas\/","title":{"rendered":"Alapszab\u00e1ly"},"content":{"rendered":"<p>Alapszab\u00e1ly (Kivonat)<\/p>\n<p>Alaprendelkez\u00e9sek<\/p>\n<ol>\n<li>cikk<\/li>\n<\/ol>\n<p>A polg\u00e1ri t\u00e1rsul\u00e1s neve: e &#8211; Talentum<\/p>\n<ol>\n<li>cikk<\/li>\n<\/ol>\n<p>A polg\u00e1ri t\u00e1rsul\u00e1s sz\u00e9khelye: Farsk\u00e1 l\u00faka 38., 986 01 Fi\u013eakovo, Szlov\u00e1k K\u00f6zt\u00e1rsas\u00e1g<\/p>\n<p>III. cikk<\/p>\n<p>A t\u00e1rsul\u00e1s tev\u00e9kenys\u00e9gi k\u00f6re<\/p>\n<p>A Tt. 83\/1990. sz. t\u00f6rv\u00e9ny \u00e9rtelm\u00e9ben alap\u00edtott polg\u00e1ri t\u00e1rsul\u00e1s nonprofit jelleg\u0171 jogi szem\u00e9ly, melynek tev\u00e9kenys\u00e9gi k\u00f6rei:<\/p>\n<ol>\n<li>oktat\u00e1s, nevel\u00e9s \u00e9s a testkult\u00fara fejleszt\u00e9se\n<ul>\n<li>oktat\u00e1s az inform\u00e1ci\u00f3s technol\u00f3gi\u00e1k \u00e9s \u00e9lethossziglan tart\u00f3 tanul\u00e1s ter\u00e9n<\/li>\n<li>tanfolyamok, szemin\u00e1riumok, el\u0151ad\u00e1sok, t\u00e1borok szervez\u00e9se az informatika szakter\u00fclet\u00e9n bel\u00fcl<\/li>\n<li>matematikai, informatikai, idegen nyelvi tanfolyamok<\/li>\n<li>egy\u00e9b \u00f6sszef\u00fcgg\u0151 tev\u00e9kenys\u00e9gek<\/li>\n<\/ul>\n<\/li>\n<li>kutat\u00e1s, fejleszt\u00e9s, tudom\u00e1nyos-technikai szolg\u00e1ltat\u00e1sok \u00e9s inform\u00e1ci\u00f3s szolg\u00e1ltat\u00e1sok &#8211; t\u00e1voktat\u00e1s, e-learning\n<ul>\n<li>programfejleszt\u00e9s \u00e9s -\u00fczemeltet\u00e9s az interneten<\/li>\n<li>egy\u00e9b \u00f6sszeftigg\u0151 tev\u00e9kenys\u00e9gek<\/li>\n<\/ul>\n<\/li>\n<li>a r\u00e9gi\u00f3fejleszt\u00e9s \u00e9s foglalkoztatotts\u00e1g el\u0151seg\u00edt\u00e9se:\n<ul>\n<li>a r\u00e9gi\u00f3 gazdas\u00e1gi \u00e9s szoci\u00e1lis fejl\u0151d\u00e9s\u00e9nek el\u0151seg\u00edt\u00e9se, mindenekel\u0151tt projektek kidolgoz\u00e1sa \u00e9s megval\u00f3s\u00edt\u00e1sa a forr\u00e1sok biztos\u00edt\u00e1s\u00e1nak c\u00e9lj\u00e1b\u00f3l,<\/li>\n<li>a foglalkoztatotts\u00e1g n\u00f6vel\u00e9se tan\u00e1csad\u00e1s form\u00e1j\u00e1ban \u00e9s a foglalkoztatotts\u00e1got el\u0151seg\u00edt\u00f3 projektek megval\u00f3s\u00edt\u00e1s\u00e1val a r\u00e9gi\u00f3n bel\u00fcl tal\u00e1lhat\u00f3 szabad munkahelyek fel\u0151li inform\u00e1ci\u00f3k ny\u00fajt\u00e1sa \u00e1ltal hat\u00e1ron t\u00fali egy\u00fcttm\u0171k\u00f6d\u00e9s<\/li>\n<\/ul>\n<\/li>\n<\/ol>\n","protected":false},"excerpt":{"rendered":"<p>Alapszab\u00e1ly (Kivonat) Alaprendelkez\u00e9sek cikk A polg\u00e1ri t\u00e1rsul\u00e1s neve: e &#8211; Talentum cikk A polg\u00e1ri t\u00e1rsul\u00e1s sz\u00e9khelye: Farsk\u00e1 l\u00faka&hellip;<\/p>\n","protected":false},"author":1,"featured_media":0,"parent":0,"menu_order":0,"comment_status":"closed","ping_status":"closed","template":"","meta":{"footnotes":""},"class_list":["post-33","page","type-page","status-publish","hentry"],"_links":{"self":[{"href":"http:\/\/www.talentum.sk\/index.php\/wp-json\/wp\/v2\/pages\/33","targetHints":{"allow":["GET"]}}],"collection":[{"href":"http:\/\/www.talentum.sk\/index.php\/wp-json\/wp\/v2\/pages"}],"about":[{"href":"http:\/\/www.talentum.sk\/index.php\/wp-json\/wp\/v2\/types\/page"}],"author":[{"embeddable":true,"href":"http:\/\/www.talentum.sk\/index.php\/wp-json\/wp\/v2\/users\/1"}],"replies":[{"embeddable":true,"href":"http:\/\/www.talentum.sk\/index.php\/wp-json\/wp\/v2\/comments?post=33"}],"version-history":[{"count":2,"href":"http:\/\/www.talentum.sk\/index.php\/wp-json\/wp\/v2\/pages\/33\/revisions"}],"predecessor-version":[{"id":77,"href":"http:\/\/www.talentum.sk\/index.php\/wp-json\/wp\/v2\/pages\/33\/revisions\/77"}],"wp:attachment":[{"href":"http:\/\/www.talentum.sk\/index.php\/wp-json\/wp\/v2\/media?parent=33"}],"curies":[{"name":"wp","href":"https:\/\/api.w.org\/{rel}","templated":true}]}}