{"id":237,"date":"2018-04-10T15:06:50","date_gmt":"2018-04-10T13:06:50","guid":{"rendered":"http:\/\/www.talentum.sk\/?page_id=237"},"modified":"2018-09-14T15:24:41","modified_gmt":"2018-09-14T13:24:41","slug":"vyzva-na-predkladanie-ponuk1","status":"publish","type":"page","link":"http:\/\/www.talentum.sk\/index.php\/vyzva-na-predkladanie-ponuk1\/","title":{"rendered":"V\u00fdzva na predkladanie pon\u00fak"},"content":{"rendered":"<p><a href=\"http:\/\/www.talentum.sk\/wp-content\/uploads\/2018\/04\/V\u00fdzva-na-predlo\u017eenie-ponuky_IKT-2.pdf\">V\u00fdzva na predlo\u017eenie ponuky_IKT<\/a><\/p>\n<p><a href=\"http:\/\/www.talentum.sk\/wp-content\/uploads\/2018\/04\/S\u00fa\u0165a\u017en\u00e9-podklady-IKT.pdf\">S\u00fa\u0165a\u017en\u00e9 podklady IKT<\/a><\/p>\n<p><a href=\"http:\/\/www.talentum.sk\/wp-content\/uploads\/2018\/05\/V\u00fdzva-APM.pdf\">V\u00fdzva APM<\/a><\/p>\n<p><a href=\"http:\/\/www.talentum.sk\/wp-content\/uploads\/2018\/05\/S\u00fa\u0165a\u017en\u00e9-podklady-APM.pdf\">S\u00fa\u0165a\u017en\u00e9 podklady APM<\/a><\/p>\n<p><a href=\"http:\/\/www.talentum.sk\/wp-content\/uploads\/2018\/05\/V\u00fdzva-FM.pdf\">V\u00fdzva FM<\/a><\/p>\n<p><a href=\"http:\/\/www.talentum.sk\/wp-content\/uploads\/2018\/05\/S\u00fa\u0165a\u017en\u00e9-podklady-FM.pdf\">S\u00fa\u0165a\u017en\u00e9 podklady FM<\/a><\/p>\n<p><a href=\"http:\/\/www.talentum.sk\/wp-content\/uploads\/2018\/05\/S\u00fa\u0165a\u017en\u00e9-podklady_T\u00e1bor-1.pdf\">S\u00fa\u0165a\u017en\u00e9 podklady_T\u00e1bor<\/a><\/p>\n<p><a href=\"http:\/\/www.talentum.sk\/wp-content\/uploads\/2018\/05\/Vyzva_T\u00e1bor-1.pdf\">Vyzva_T\u00e1bor<\/a><\/p>\n<p><a href=\"http:\/\/www.talentum.sk\/wp-content\/uploads\/2018\/05\/Vyzva_MotKarDni-1.pdf\">Vyzva_MotKarDni<\/a><\/p>\n<p><a href=\"http:\/\/www.talentum.sk\/wp-content\/uploads\/2018\/05\/S\u00fa\u0165a\u017en\u00e9-podklady-MotKarDni-1.pdf\">S\u00fa\u0165a\u017en\u00e9 podklady MotKarDni<\/a><\/p>\n<p><a href=\"http:\/\/www.talentum.sk\/wp-content\/uploads\/2018\/05\/Vyzva_PM.pdf\">Vyzva_PM<\/a><\/p>\n<p><a href=\"http:\/\/www.talentum.sk\/wp-content\/uploads\/2018\/05\/S\u00fa\u0165a\u017en\u00e9-podklady-PM.pdf\">S\u00fa\u0165a\u017en\u00e9 podklady PM<\/a><\/p>\n<p><a href=\"http:\/\/www.talentum.sk\/wp-content\/uploads\/2018\/09\/Vyzva_SA.pdf\">Vyzva_SA<\/a><\/p>\n<p><a href=\"http:\/\/www.talentum.sk\/wp-content\/uploads\/2018\/09\/Vyzva_ICT-CC.pdf\">Vyzva_ICT CC<\/a><\/p>\n<p>&nbsp;<\/p>\n<p>&nbsp;<\/p>\n<p>&nbsp;<\/p>\n","protected":false},"excerpt":{"rendered":"<p>V\u00fdzva na predlo\u017eenie ponuky_IKT S\u00fa\u0165a\u017en\u00e9 podklady IKT V\u00fdzva APM S\u00fa\u0165a\u017en\u00e9 podklady APM V\u00fdzva FM S\u00fa\u0165a\u017en\u00e9 podklady FM S\u00fa\u0165a\u017en\u00e9&hellip;<\/p>\n","protected":false},"author":1,"featured_media":0,"parent":0,"menu_order":0,"comment_status":"closed","ping_status":"closed","template":"","meta":{"footnotes":""},"class_list":["post-237","page","type-page","status-publish","hentry"],"_links":{"self":[{"href":"http:\/\/www.talentum.sk\/index.php\/wp-json\/wp\/v2\/pages\/237","targetHints":{"allow":["GET"]}}],"collection":[{"href":"http:\/\/www.talentum.sk\/index.php\/wp-json\/wp\/v2\/pages"}],"about":[{"href":"http:\/\/www.talentum.sk\/index.php\/wp-json\/wp\/v2\/types\/page"}],"author":[{"embeddable":true,"href":"http:\/\/www.talentum.sk\/index.php\/wp-json\/wp\/v2\/users\/1"}],"replies":[{"embeddable":true,"href":"http:\/\/www.talentum.sk\/index.php\/wp-json\/wp\/v2\/comments?post=237"}],"version-history":[{"count":9,"href":"http:\/\/www.talentum.sk\/index.php\/wp-json\/wp\/v2\/pages\/237\/revisions"}],"predecessor-version":[{"id":295,"href":"http:\/\/www.talentum.sk\/index.php\/wp-json\/wp\/v2\/pages\/237\/revisions\/295"}],"wp:attachment":[{"href":"http:\/\/www.talentum.sk\/index.php\/wp-json\/wp\/v2\/media?parent=237"}],"curies":[{"name":"wp","href":"https:\/\/api.w.org\/{rel}","templated":true}]}}