{"id":219,"date":"2018-03-25T10:04:55","date_gmt":"2018-03-25T08:04:55","guid":{"rendered":"http:\/\/www.talentum.sk\/?page_id=219"},"modified":"2018-03-25T10:27:45","modified_gmt":"2018-03-25T08:27:45","slug":"akkreditacio-2018","status":"publish","type":"page","link":"http:\/\/www.talentum.sk\/index.php\/akkreditacio-2018\/","title":{"rendered":"Akkredit\u00e1ci\u00f3 2018"},"content":{"rendered":"<p style=\"text-align: center;\">Nemzeti Tehets\u00e9gseg\u00edt\u0151 Tan\u00e1cs \u00c1ltal Akkredit\u00e1lt Kiv\u00e1l\u00f3 Tehets\u00e9gpont (2018)\u00a0 &#8211; Talentum Tehets\u00e9gpont F\u00fclek<\/p>\n<p><img loading=\"lazy\" decoding=\"async\" class=\"alignnone size-medium wp-image-217 aligncenter\" src=\"http:\/\/www.talentum.sk\/wp-content\/uploads\/2018\/03\/Akredit\u00e1ci\u00f3-oklev\u00e9l-218x300.jpg\" alt=\"\" width=\"218\" height=\"300\" srcset=\"http:\/\/www.talentum.sk\/wp-content\/uploads\/2018\/03\/Akredit\u00e1ci\u00f3-oklev\u00e9l-218x300.jpg 218w, http:\/\/www.talentum.sk\/wp-content\/uploads\/2018\/03\/Akredit\u00e1ci\u00f3-oklev\u00e9l-768x1058.jpg 768w, http:\/\/www.talentum.sk\/wp-content\/uploads\/2018\/03\/Akredit\u00e1ci\u00f3-oklev\u00e9l-743x1024.jpg 743w, http:\/\/www.talentum.sk\/wp-content\/uploads\/2018\/03\/Akredit\u00e1ci\u00f3-oklev\u00e9l.jpg 1696w\" sizes=\"auto, (max-width: 218px) 100vw, 218px\" \/><\/p>\n","protected":false},"excerpt":{"rendered":"<p>Nemzeti Tehets\u00e9gseg\u00edt\u0151 Tan\u00e1cs \u00c1ltal Akkredit\u00e1lt Kiv\u00e1l\u00f3 Tehets\u00e9gpont (2018)\u00a0 &#8211; Talentum Tehets\u00e9gpont F\u00fclek<\/p>\n","protected":false},"author":1,"featured_media":0,"parent":0,"menu_order":0,"comment_status":"closed","ping_status":"closed","template":"","meta":{"footnotes":""},"class_list":["post-219","page","type-page","status-publish","hentry"],"_links":{"self":[{"href":"http:\/\/www.talentum.sk\/index.php\/wp-json\/wp\/v2\/pages\/219","targetHints":{"allow":["GET"]}}],"collection":[{"href":"http:\/\/www.talentum.sk\/index.php\/wp-json\/wp\/v2\/pages"}],"about":[{"href":"http:\/\/www.talentum.sk\/index.php\/wp-json\/wp\/v2\/types\/page"}],"author":[{"embeddable":true,"href":"http:\/\/www.talentum.sk\/index.php\/wp-json\/wp\/v2\/users\/1"}],"replies":[{"embeddable":true,"href":"http:\/\/www.talentum.sk\/index.php\/wp-json\/wp\/v2\/comments?post=219"}],"version-history":[{"count":1,"href":"http:\/\/www.talentum.sk\/index.php\/wp-json\/wp\/v2\/pages\/219\/revisions"}],"predecessor-version":[{"id":220,"href":"http:\/\/www.talentum.sk\/index.php\/wp-json\/wp\/v2\/pages\/219\/revisions\/220"}],"wp:attachment":[{"href":"http:\/\/www.talentum.sk\/index.php\/wp-json\/wp\/v2\/media?parent=219"}],"curies":[{"name":"wp","href":"https:\/\/api.w.org\/{rel}","templated":true}]}}