{"id":17,"date":"2018-02-24T12:49:49","date_gmt":"2018-02-24T11:49:49","guid":{"rendered":"http:\/\/www.talentum.sk\/?page_id=17"},"modified":"2018-07-17T08:48:52","modified_gmt":"2018-07-17T06:48:52","slug":"smart-communities","status":"publish","type":"page","link":"http:\/\/www.talentum.sk\/index.php\/smart-communities\/","title":{"rendered":"Smart Communities"},"content":{"rendered":"<p style=\"text-align: center;\">http:\/\/www.smartcommunities.eu\/<\/p>\n<p style=\"text-align: left;\"><em><strong><a href=\"http:\/\/www.smartcommunities.eu\/\"><img loading=\"lazy\" decoding=\"async\" class=\"size-medium wp-image-246 alignleft\" src=\"http:\/\/www.talentum.sk\/wp-content\/uploads\/2018\/05\/SC_160x600_b_sk-80x300.jpg\" alt=\"\" width=\"80\" height=\"300\" srcset=\"http:\/\/www.talentum.sk\/wp-content\/uploads\/2018\/05\/SC_160x600_b_sk-80x300.jpg 80w, http:\/\/www.talentum.sk\/wp-content\/uploads\/2018\/05\/SC_160x600_b_sk.jpg 160w\" sizes=\"auto, (max-width: 80px) 100vw, 80px\" \/><\/a>\u00a0 \u00a0 \u00a0 \u00a0 \u00a0 \u00a0 \u00a0 \u00a0 \u00a0 \u00a0 \u00a0 \u00a0 \u00a0 \u00a0 \u00a0 \u00a0 \u00a0 \u00a0 \u00a0 \u00a0 \u00a0 \u00a0 \u00a0 \u00a0 \u00a0 \u00a0 \u00a0 \u00a0 \u00a0 \u00a0 \u00a0 \u00a0 \u00a0 \u00a0 \u00a0 \u00a0 \u00a0 \u00a0 \u00a0 \u00a0 \u00a0 \u00a0 \u00a0 \u00a0 \u00a0 \u00a0 \u00a0 \u00a0 \u00a0 \u00a0 \u00a0 \u00a0 \u00a0 \u00a0 \u00a0 \u00a0 \u00a0 \u00a0 \u00a0 \u00a0 \u00a0 \u00a0 \u00a0 \u00a0 \u00a0 \u00a0 \u00a0 \u00a0 \u00a0 \u00a0 \u00a0 \u00a0 \u00a0 \u00a0 \u00a0 \u00a0 \u00a0 \u00a0 \u00a0 \u00a0 \u00a0 \u00a0 \u00a0 \u00a0 \u00a0 \u00a0 \u00a0 \u00a0 \u00a0 \u00a0 \u00a0 \u00a0 \u00a0 \u00a0 \u00a0 \u00a0 <\/strong><\/em><\/p>\n<p style=\"text-align: left;\"><em><strong>\u00a0 \u00a0 \u00a0 \u00a0 \u00a0 \u00a0 \u00a0 \u00a0<a href=\"http:\/\/www.smartcommunities.eu\/\"><img loading=\"lazy\" decoding=\"async\" class=\"size-medium wp-image-247 alignright\" src=\"http:\/\/www.talentum.sk\/wp-content\/uploads\/2018\/05\/SC_160x600_b_hu-80x300.jpg\" alt=\"\" width=\"80\" height=\"300\" srcset=\"http:\/\/www.talentum.sk\/wp-content\/uploads\/2018\/05\/SC_160x600_b_hu-80x300.jpg 80w, http:\/\/www.talentum.sk\/wp-content\/uploads\/2018\/05\/SC_160x600_b_hu.jpg 160w\" sizes=\"auto, (max-width: 80px) 100vw, 80px\" \/><\/a><img loading=\"lazy\" decoding=\"async\" class=\"wp-image-23 aligncenter\" src=\"http:\/\/www.talentum.sk\/wp-content\/uploads\/2018\/02\/SC_LOGO_OK_1-218x300.png\" alt=\"\" width=\"142\" height=\"195\" srcset=\"http:\/\/www.talentum.sk\/wp-content\/uploads\/2018\/02\/SC_LOGO_OK_1-218x300.png 218w, http:\/\/www.talentum.sk\/wp-content\/uploads\/2018\/02\/SC_LOGO_OK_1-768x1055.png 768w, http:\/\/www.talentum.sk\/wp-content\/uploads\/2018\/02\/SC_LOGO_OK_1-745x1024.png 745w, http:\/\/www.talentum.sk\/wp-content\/uploads\/2018\/02\/SC_LOGO_OK_1.png 886w\" sizes=\"auto, (max-width: 142px) 100vw, 142px\" \/><\/strong><\/em><\/p>\n<p>&nbsp;<\/p>\n<p>&nbsp;<\/p>\n<p>&nbsp;<\/p>\n<p>&nbsp;<\/p>\n<p><em><strong>N\u00e1zov\u00a0<\/strong><\/em><em><strong>projektu<\/strong><\/em><\/p>\n<p>Inteligentn\u00e9 komunity &#8211; virtu\u00e1lna vzdel\u00e1vacia, v\u00fdskumn\u00e1, rozvojov\u00e1<br \/>\na inova\u010dn\u00e1 sie\u0165 v slovensko-ma\u010farskej pohrani\u010dnej oblasti<br \/>\n<strong>SKHU\/1601\/4.1\/210<\/strong><\/p>\n<p><strong>Prioritn\u00e1 os<\/strong>:\u00a0<strong>PO4 | Podpora cezhrani\u010dnej spolupr\u00e1ce org\u00e1nov verejnej spr\u00e1vy a os\u00f4b \u017eij\u00facich v pohrani\u010dnej oblasti<\/strong><br \/>\n<strong>\u0160pecifick\u00fd cie\u013e<\/strong>: SO4.1 Zlep\u0161enie \u00farovne cezhrani\u010dnej spolupr\u00e1ce medzi in\u0161tit\u00faciami, a takisto medzi samotn\u00fdmi ob\u010danmi.<br \/>\n<strong>Projektov\u00e9 konzorcium:<\/strong><br \/>\nNad\u00e1cia vedomostn\u00e9ho centa Interindustria, l\u00edder konzorcia<br \/>\ne-Talentum<br \/>\nSzent Istv\u00e1n Universita<br \/>\nTechnick\u00e1 Univerzita Ko\u0161ice<br \/>\nCentrum pre hospod\u00e1rske a region\u00e1lne \u0161t\u00fadie, Ma\u010farsk\u00e1 akad\u00e9mia vied<\/p>\n<p>Zdru\u017eenie pre obnovite\u013en\u00fd vidiek<br \/>\nASTRA&#8211; Zdru\u017eenie pre inov\u00e1cie a rozvoj<br \/>\nGymn\u00e1zium &#8211; Gymn\u00e1zium Fi\u013eakovo<\/p>\n<p>Cie\u013eov\u00e1 oblas\u0165 by mohla by\u0165 charakterizovan\u00e1 ako &#8222;perif\u00e9ria perif\u00e9rie&#8221;, oblas\u0165 s neust\u00e1le sa zhor\u0161uj\u00facimi hospod\u00e1rskymi a soci\u00e1lnymi ukazovate\u013emi na \u00farovni kraja aj mikroregi\u00f3nu (napr.: HDP, nezamestnanos\u0165, migr\u00e1cia, zmen\u0161uj\u00face sa komunity, neefekt\u00edvne vyu\u017e\u00edvanie pr\u00edrodn\u00fdch zdrojov, \u00farove\u0148 vzdelania, pridan\u00e1 hodnota, &#8230;) napriek predch\u00e1dzaj\u00facim z\u00e1sahom vl\u00e1d, ktor\u00e9 boli ur\u010den\u00e9\u00a0 na rozvoj vidieka.<\/p>\n<p>Celkov\u00fdm cie\u013eom projektu je v\u00fdznamne\u00a0 prispie\u0165 k posilneniu du\u0161evn\u00e9ho vlastn\u00edctva v znev\u00fdhodnenej cezhrani\u010dnej oblasti ju\u017en\u00e9ho Slovenska a severn\u00e9ho Ma\u010farska, spolu s vytvoren\u00edm a \u0161\u00edren\u00edm inovat\u00edvnych sp\u00f4sobov spolupr\u00e1ce, v r\u00e1mci praktickej realiz\u00e1cie soci\u00e1lnej a etnickej inov\u00e1cie.<\/p>\n<p>Projektom chceme dosiahnu\u0165 vybudovanie siete civiln\u00fdch partnerstiev a partnerstiev vzdel\u00e1vac\u00edch a v\u00fdskumn\u00fdch in\u0161tit\u00faci\u00ed, v r\u00e1mci ktor\u00fdch budeme organizova\u0165 spolo\u010dn\u00e9 odborn\u00e9 programy, \u0161kolenia a syst\u00e9my mentoringu. Cie\u013eov\u00fa skupinu\u00a0 podujat\u00ed tvor\u00ed miestna popul\u00e1cia, a to od rann\u00e9ho detstva a\u017e po seniorov, vr\u00e1tane vysokej \u00fa\u010dasti soci\u00e1lne marginalizovan\u00fdch skup\u00edn obyvate\u013estva.<\/p>\n<p>Hlavn\u00fdmi v\u00fdstupmi s\u00fa:<br \/>\n1. Virtu\u00e1lna vzdel\u00e1vacia, v\u00fdskumn\u00e1, v\u00fdvojov\u00e1 a inova\u010dn\u00e1 sie\u0165\u00a0 (VERDI-NET) \u2013 vytvorenie udr\u017eate\u013enej \u0161trukt\u00fary spolupr\u00e1ce<br \/>\n2. Smart IKT kompeten\u010dn\u00e9 centrum (centrum pre inteligentn\u00e9 informa\u010dno-komunika\u010dn\u00e9 technol\u00f3gie)<\/p>\n<p>Po ukon\u010den\u00ed realiz\u00e1cie bude projekt schopn\u00fd poskytn\u00fa\u0165 re\u00e1lne a praktick\u00e9 alternat\u00edvy pre cie\u013eov\u00fa skupinu, teda pre soci\u00e1lne marginalizovan\u00e9 obyvate\u013estvo cezhrani\u010dnej oblasti.<\/p>\n<p>Koncepcia projektu spo\u010d\u00edva v tom, \u017ee oblas\u0165 sa m\u00f4\u017ee vymani\u0165 zo svojej uzavretej situ\u00e1cie aktivitami, ktor\u00fdch my\u0161lienka je zalo\u017een\u00e1 na endog\u00e9nnom rozvoji a inteligentn\u00fdch komunit\u00e1ch, namiesto intenz\u00edvneho spriemysel\u0148ovania. Prioritn\u00fdmi oblas\u0165ami projektu s\u00fa vzdel\u00e1vanie a\u00a0 veda, v\u00fdskum a inov\u00e1cie s tematick\u00fdm zameran\u00edm na (1) udr\u017eate\u013enos\u0165 a (2) informa\u010dn\u00e9 a komunika\u010dn\u00e9 technol\u00f3gie. Je nevyhnutn\u00e9 aplikova\u0165 cezhrani\u010dn\u00fd pr\u00edstup, preto\u017ee aktivity len na n\u00e1rodnej\/region\u00e1lnej\/miestnej \u00farovni by mohli\u00a0 zv\u00fd\u0161i\u0165 region\u00e1lne rozdiely a nerovnosti, \u010do jednozna\u010dne nie je cie\u013eom politick\u00fdm, ani cie\u013eom projektu.<\/p>\n<p><strong>Celkov\u00fd rozpo\u010det<\/strong>: 453 074,03 EUR<br \/>\n<strong>Trvanie projektu<u>:<\/u><\/strong>1. m\u00e1j 2017 &#8211; 30. apr\u00edl 2019<\/p>\n<p><a href=\"http:\/\/www.talentum.sk\/wp-content\/uploads\/2018\/07\/Zmluva-o-narodnom-spolufinancovani2.pdf\" target=\"_blank\" rel=\"noopener\">Zmluva o narodnom spolufinancovani<\/a><\/p>\n<p>&nbsp;<\/p>\n<p><img loading=\"lazy\" decoding=\"async\" class=\" wp-image-67 aligncenter\" src=\"http:\/\/www.talentum.sk\/wp-content\/uploads\/2018\/03\/logo1SK-300x29.png\" alt=\"\" width=\"538\" height=\"52\" srcset=\"http:\/\/www.talentum.sk\/wp-content\/uploads\/2018\/03\/logo1SK-300x29.png 300w, http:\/\/www.talentum.sk\/wp-content\/uploads\/2018\/03\/logo1SK.png 680w\" sizes=\"auto, (max-width: 538px) 100vw, 538px\" \/><\/p>\n<p><img loading=\"lazy\" decoding=\"async\" class=\" wp-image-49 aligncenter\" src=\"http:\/\/www.talentum.sk\/wp-content\/uploads\/2018\/02\/partner-logok-300x28.png\" alt=\"\" width=\"525\" height=\"49\" srcset=\"http:\/\/www.talentum.sk\/wp-content\/uploads\/2018\/02\/partner-logok-300x28.png 300w, http:\/\/www.talentum.sk\/wp-content\/uploads\/2018\/02\/partner-logok.png 578w\" sizes=\"auto, (max-width: 525px) 100vw, 525px\" \/><\/p>\n<p>Projekt bol spolufinancovan\u00fd z prostriedkov Eur\u00f3pskej \u00fanie z Eur\u00f3pskeho fondu region\u00e1lneho rozvoja.<\/p>\n<p>Obsah str\u00e1nky nepredstavuje ofici\u00e1lnu poz\u00edciu Eur\u00f3pskej \u00fanie.<\/p>\n","protected":false},"excerpt":{"rendered":"<p>http:\/\/www.smartcommunities.eu\/ \u00a0 \u00a0 \u00a0 \u00a0 \u00a0 \u00a0 \u00a0 \u00a0 \u00a0 \u00a0 \u00a0 \u00a0 \u00a0 \u00a0 \u00a0 \u00a0 \u00a0&hellip;<\/p>\n","protected":false},"author":1,"featured_media":0,"parent":0,"menu_order":0,"comment_status":"closed","ping_status":"closed","template":"","meta":{"footnotes":""},"class_list":["post-17","page","type-page","status-publish","hentry"],"_links":{"self":[{"href":"http:\/\/www.talentum.sk\/index.php\/wp-json\/wp\/v2\/pages\/17","targetHints":{"allow":["GET"]}}],"collection":[{"href":"http:\/\/www.talentum.sk\/index.php\/wp-json\/wp\/v2\/pages"}],"about":[{"href":"http:\/\/www.talentum.sk\/index.php\/wp-json\/wp\/v2\/types\/page"}],"author":[{"embeddable":true,"href":"http:\/\/www.talentum.sk\/index.php\/wp-json\/wp\/v2\/users\/1"}],"replies":[{"embeddable":true,"href":"http:\/\/www.talentum.sk\/index.php\/wp-json\/wp\/v2\/comments?post=17"}],"version-history":[{"count":16,"href":"http:\/\/www.talentum.sk\/index.php\/wp-json\/wp\/v2\/pages\/17\/revisions"}],"predecessor-version":[{"id":277,"href":"http:\/\/www.talentum.sk\/index.php\/wp-json\/wp\/v2\/pages\/17\/revisions\/277"}],"wp:attachment":[{"href":"http:\/\/www.talentum.sk\/index.php\/wp-json\/wp\/v2\/media?parent=17"}],"curies":[{"name":"wp","href":"https:\/\/api.w.org\/{rel}","templated":true}]}}