{"id":150,"date":"2018-03-07T09:49:03","date_gmt":"2018-03-07T08:49:03","guid":{"rendered":"http:\/\/www.talentum.sk\/?page_id=150"},"modified":"2026-02-07T12:47:33","modified_gmt":"2026-02-07T11:47:33","slug":"2-2","status":"publish","type":"page","link":"http:\/\/www.talentum.sk\/index.php\/2-2\/","title":{"rendered":"2%"},"content":{"rendered":"<div id=\"M4_divNazov\" class=\"wrapper\">\n<h5 style=\"text-align: center;\">Zoznam prij\u00edmate\u013eov z NK SR &#8211; Centr\u00e1lny register prij\u00edmate\u013eov 2% spravuje\u00a0 Not\u00e1rska komora SR.<\/h5>\n<\/div>\n<h4 style=\"text-align: center;\"><strong><a title=\"Presmerovanie na str\u00e1nky Not\u00e1rskej komory [nov\u00e9 okno]\" href=\"https:\/\/www.notar.sk\/prijimatelia\/?applicantName=e-Talentum&amp;applicantIco=&amp;applicantResidenceCity=&amp;LegalForm=&amp;tax-collector-search=H%C4%BEada%C5%A5\" target=\"_blank\" rel=\"noopener\">Centr\u00e1lny register prij\u00edmate\u013eov 2% z dane<\/a><\/strong><\/h4>\n<h4 style=\"text-align: center;\"><strong> <a href=\"https:\/\/rozhodni.sk\/poukazatel\/ako-mam-poukazat-2-z-dane\/\">Ako pouk\u00e1za\u0165 2 % z dan\u00ed?\u00a0<\/a><\/strong><\/h4>\n<h4 style=\"text-align: center;\"><a href=\"https:\/\/www.dvepercenta.sk\/details.php?organizationID=25450\">2 percenta.sk : e-Talentum<\/a><\/h4>\n<h4 style=\"text-align: center;\"><a href=\"https:\/\/rozhodni.sk\/poukazatel\/tlaciva-na-poukazanie-2-z-dane\/\">Tla\u010div\u00e1 na pouk\u00e1zanie 2% z dane<\/a><\/h4>\n<h4 style=\"text-align: center;\">\u00a0<\/h4>\n<h1 style=\"text-align: center;\"><strong><a href=\"http:\/\/www.talentum.sk\/wp-content\/uploads\/2026\/02\/Vyhlasenie-2026-editovatelne-szerkesztheto.pdf\">Vyhlasenie-2026 editovate\u013en\u00e9-szerkeszthet\u0151<\/a><\/strong><a href=\"http:\/\/www.talentum.sk\/wp-content\/uploads\/2024\/02\/Vyhlasenie2024.pdf\">\u00a0<\/a><\/h1>\n<h3 style=\"text-align: center;\"><a href=\"http:\/\/www.talentum.sk\/wp-content\/uploads\/2026\/02\/Vyhlasenie-2026.pdf\">Vyhlasenie-2026<\/a><\/h3>\n\n\n<div data-wp-interactive=\"core\/file\" class=\"wp-block-file\"><object data-wp-bind--hidden=\"!state.hasPdfPreview\" hidden class=\"wp-block-file__embed\" data=\"http:\/\/www.talentum.sk\/wp-content\/uploads\/2026\/02\/Vyhlasenie-2026.pdf\" type=\"application\/pdf\" style=\"width:100%;height:600px\" aria-label=\"Vyhlasenie-2026 be\u00e1gyaz\u00e1sa\"><\/object><a id=\"wp-block-file--media-85222b5d-eebb-4c2b-8c3a-3db94daf746d\" href=\"http:\/\/www.talentum.sk\/wp-content\/uploads\/2026\/02\/Vyhlasenie-2026.pdf\">Vyhlasenie-2026<\/a><a href=\"http:\/\/www.talentum.sk\/wp-content\/uploads\/2026\/02\/Vyhlasenie-2026.pdf\" class=\"wp-block-file__button wp-element-button\" download aria-describedby=\"wp-block-file--media-85222b5d-eebb-4c2b-8c3a-3db94daf746d\">Let\u00f6lt\u00e9s<\/a><\/div>\n\n\n\n<figure class=\"wp-block-image\"><img loading=\"lazy\" decoding=\"async\" width=\"1317\" height=\"724\" src=\"http:\/\/www.talentum.sk\/wp-content\/uploads\/2024\/02\/notarsky_centralny_register.png\" alt=\"\" class=\"wp-image-455\" srcset=\"http:\/\/www.talentum.sk\/wp-content\/uploads\/2024\/02\/notarsky_centralny_register.png 1317w, http:\/\/www.talentum.sk\/wp-content\/uploads\/2024\/02\/notarsky_centralny_register-300x165.png 300w, http:\/\/www.talentum.sk\/wp-content\/uploads\/2024\/02\/notarsky_centralny_register-1024x563.png 1024w, http:\/\/www.talentum.sk\/wp-content\/uploads\/2024\/02\/notarsky_centralny_register-768x422.png 768w\" sizes=\"auto, (max-width: 1317px) 100vw, 1317px\" \/><\/figure>\n\n\n\n<p><\/p>\n","protected":false},"excerpt":{"rendered":"<p>Zoznam prij\u00edmate\u013eov z NK SR &#8211; Centr\u00e1lny register prij\u00edmate\u013eov 2% spravuje\u00a0 Not\u00e1rska komora SR. Centr\u00e1lny register prij\u00edmate\u013eov 2%&hellip;<\/p>\n","protected":false},"author":1,"featured_media":0,"parent":0,"menu_order":0,"comment_status":"closed","ping_status":"closed","template":"","meta":{"footnotes":""},"class_list":["post-150","page","type-page","status-publish","hentry"],"_links":{"self":[{"href":"http:\/\/www.talentum.sk\/index.php\/wp-json\/wp\/v2\/pages\/150","targetHints":{"allow":["GET"]}}],"collection":[{"href":"http:\/\/www.talentum.sk\/index.php\/wp-json\/wp\/v2\/pages"}],"about":[{"href":"http:\/\/www.talentum.sk\/index.php\/wp-json\/wp\/v2\/types\/page"}],"author":[{"embeddable":true,"href":"http:\/\/www.talentum.sk\/index.php\/wp-json\/wp\/v2\/users\/1"}],"replies":[{"embeddable":true,"href":"http:\/\/www.talentum.sk\/index.php\/wp-json\/wp\/v2\/comments?post=150"}],"version-history":[{"count":70,"href":"http:\/\/www.talentum.sk\/index.php\/wp-json\/wp\/v2\/pages\/150\/revisions"}],"predecessor-version":[{"id":565,"href":"http:\/\/www.talentum.sk\/index.php\/wp-json\/wp\/v2\/pages\/150\/revisions\/565"}],"wp:attachment":[{"href":"http:\/\/www.talentum.sk\/index.php\/wp-json\/wp\/v2\/media?parent=150"}],"curies":[{"name":"wp","href":"https:\/\/api.w.org\/{rel}","templated":true}]}}