{"id":127,"date":"2018-03-01T14:18:26","date_gmt":"2018-03-01T13:18:26","guid":{"rendered":"http:\/\/www.talentum.sk\/?page_id=127"},"modified":"2018-03-01T14:28:57","modified_gmt":"2018-03-01T13:28:57","slug":"talentum-informatikai-tehetseggondozas-2013","status":"publish","type":"page","link":"http:\/\/www.talentum.sk\/index.php\/talentum-informatikai-tehetseggondozas-2013\/","title":{"rendered":"Talentum\u00a0 informatikai tehets\u00e9ggondoz\u00e1s 2013"},"content":{"rendered":"<p><strong>Projekt c\u00edme<\/strong> : \u00a0Talentum\u00a0 informatikai tehets\u00e9ggondoz\u00e1s<\/p>\n<p><strong>Projekt kezdete<\/strong> : 2013.02.01.<\/p>\n<p><strong>Projekt v\u00e9ge<\/strong> : 2013.06.30.<\/p>\n<p><strong>Projekt \u00f6sszk\u00f6lts\u00e9ge<\/strong> :\u00a0 660 Eur<\/p>\n<p><strong>T\u00e1mogat\u00f3 szervezet<\/strong> : SZMPSZ<\/p>\n<p><strong>Projekt le\u00edr\u00e1sa<\/strong> :<\/p>\n<p>A tehets\u00e9ggondoz\u00e1s egy \u00faj, D\u00e9l &#8211; Szlov\u00e1ki\u00e1t \u00e9rint\u0151 programot ind\u00edtottunk el a 2006 \u00e9v els\u0151 fel\u00e9ben.\u00a0 Az informatikai tehets\u00e9ggondoz\u00e1s t\u00f6bb\u00e9ves programj\u00e1t szerett\u00fck volna folytatni.\u00a0 Az elm\u00falt \u00e9vekben informatikai tehets\u00e9ggondoz\u00f3 programunk nagy visszhangot v\u00e1ltott ki az \u00e9rintett iskol\u00e1k r\u00e9sz\u00e9r\u0151l. A r\u00e9sztvev\u0151 tehets\u00e9ges di\u00e1kok r\u00e9sz\u00e9r\u0151l is pozit\u00edvak voltak a visszajelz\u00e9sek \u00e9s ez\u00e9rt egy tehets\u00e9ggondoz\u00f3 k\u00f6zpontot ind\u00edtottunk el, ahol tehets\u00e9ges di\u00e1kokkal foglalkozunk. Az els\u0151 l\u00e9p\u00e9s az e-Talentum nonprofit szervezet l\u00e9trehoz\u00e1sa volt. Ez a szervezet orsz\u00e1gosan \u00e9s region\u00e1lisan ezzel a tev\u00e9kenys\u00e9ggel foglalkozik. M\u00e1r sok \u00e9ve a szlov\u00e1kiai magyar k\u00f6z\u00e9piskol\u00e1k orsz\u00e1gos verseny\u00e9n (Infoprog), ill. egy\u00e9b informatikai versenyek sikeres r\u00e9sztvev\u0151 vagyunk. Az e-Talentum nonprofit szervezet regisztr\u00e1lt tehets\u00e9gpont is m\u0171k\u00f6dik (Talentum Tehets\u00e9gpont F\u00fclek), orsz\u00e1gosan \u00e9s region\u00e1lisan is ezzel a tev\u00e9kenys\u00e9ggel foglalkozik. 2010 november\u00e9ben el\u0151sz\u00f6r sikeresen abszolv\u00e1ltuk az akkredit\u00e1ci\u00f3s elj\u00e1r\u00e1st is, majd 2014-ben \u00fajb\u00f3l akkredit\u00e1ltuk a tehets\u00e9gpontunkat.<\/p>\n<p>Az informatikai \u00e9lm\u00e9nym\u0171hely keretein bel\u00fcl els\u0151sorban a\u00a0 programoz\u00e1s\u00a0 oktat\u00e1s\u00e1nak\u00a0 \u00e9s\u00a0 az\u00a0 algoritmikus\u00a0 gondolkod\u00e1s\u00a0 fejleszt\u00e9s\u00e9t helyezt\u00fck el\u0151t\u00e9rbe. Az informatikai tehets\u00e9ggondoz\u00e1s keret\u00e9n bel\u00fcl rendszeresen gyakorlati foglalkoz\u00e1sokat tartottunk a di\u00e1koknak. A megtartott \u00f3r\u00e1k rendszeress\u00e9ge biztos\u00edtotta a sz\u00fcks\u00e9ges visszacsatol\u00e1st a di\u00e1kok \u00e9s a tan\u00e1rok k\u00f6z\u00f6tt. A di\u00e1kokkal r\u00e9szben t\u00e1voktat\u00e1s (e-learning) jelleggel tartottuk a kapcsolatot. A t\u00fator \u00e1lland\u00f3 kapcsolatban volt a di\u00e1kokkal, \u00edgy is seg\u00edtve a felk\u00e9sz\u00fcl\u00e9s\u00fcket. A korl\u00e1tozott anyagi forr\u00e1sok hi\u00e1ny\u00e1ban a tehets\u00e9ggondoz\u00e1s a F\u00fcleki Gimn\u00e1zium di\u00e1kjai k\u00f6r\u00e9ben val\u00f3sult meg. A p\u00e1ly\u00e1zatban max. 10 tehets\u00e9ges di\u00e1k informatikai felk\u00e9sz\u00edt\u00e9s\u00e9t v\u00e1llaltuk. Itt tekintettel kell lenni arra a t\u00e9nyre, hogy kiemelked\u0151 k\u00e9pess\u00e9g\u0171 di\u00e1kokr\u00f3l van sz\u00f3, akik speci\u00e1lis k\u00e9pz\u00e9sben vehetnek r\u00e9szt.\u00a0\u00a0 Ezt a c\u00e9lkit\u0171z\u00e9s\u00fcnket siker\u00fclt megval\u00f3s\u00edtanunk.<\/p>\n<p>Weboldal &#8211;\u00a0 <a href=\"http:\/\/www.i-skola.net\/\">http:\/\/www.i-skola.net\/<\/a><\/p>\n<p>&nbsp;<\/p>\n<p><img loading=\"lazy\" decoding=\"async\" class=\"alignnone wp-image-97\" src=\"http:\/\/www.talentum.sk\/wp-content\/uploads\/2018\/03\/logo.png\" alt=\"\" width=\"98\" height=\"106\" \/> <img loading=\"lazy\" decoding=\"async\" class=\"alignnone wp-image-100\" src=\"http:\/\/www.talentum.sk\/wp-content\/uploads\/2018\/03\/logo1.jpg\" alt=\"\" width=\"255\" height=\"64\" \/> <img loading=\"lazy\" decoding=\"async\" class=\"alignnone wp-image-99\" src=\"http:\/\/www.talentum.sk\/wp-content\/uploads\/2018\/03\/logo2.png\" alt=\"\" width=\"205\" height=\"80\" \/> <img loading=\"lazy\" decoding=\"async\" class=\"alignnone wp-image-98\" src=\"http:\/\/www.talentum.sk\/wp-content\/uploads\/2018\/03\/logo3-300x106.png\" alt=\"\" width=\"249\" height=\"88\" srcset=\"http:\/\/www.talentum.sk\/wp-content\/uploads\/2018\/03\/logo3-300x106.png 300w, http:\/\/www.talentum.sk\/wp-content\/uploads\/2018\/03\/logo3.png 492w\" sizes=\"auto, (max-width: 249px) 100vw, 249px\" \/> <img loading=\"lazy\" decoding=\"async\" class=\"alignnone wp-image-96\" src=\"http:\/\/www.talentum.sk\/wp-content\/uploads\/2018\/03\/logo5-300x205.png\" alt=\"\" width=\"148\" height=\"101\" srcset=\"http:\/\/www.talentum.sk\/wp-content\/uploads\/2018\/03\/logo5-300x205.png 300w, http:\/\/www.talentum.sk\/wp-content\/uploads\/2018\/03\/logo5.png 450w\" sizes=\"auto, (max-width: 148px) 100vw, 148px\" \/><\/p>\n","protected":false},"excerpt":{"rendered":"<p>Projekt c\u00edme : \u00a0Talentum\u00a0 informatikai tehets\u00e9ggondoz\u00e1s Projekt kezdete : 2013.02.01. Projekt v\u00e9ge : 2013.06.30. Projekt \u00f6sszk\u00f6lts\u00e9ge :\u00a0 660&hellip;<\/p>\n","protected":false},"author":1,"featured_media":0,"parent":0,"menu_order":0,"comment_status":"closed","ping_status":"closed","template":"","meta":{"footnotes":""},"class_list":["post-127","page","type-page","status-publish","hentry"],"_links":{"self":[{"href":"http:\/\/www.talentum.sk\/index.php\/wp-json\/wp\/v2\/pages\/127","targetHints":{"allow":["GET"]}}],"collection":[{"href":"http:\/\/www.talentum.sk\/index.php\/wp-json\/wp\/v2\/pages"}],"about":[{"href":"http:\/\/www.talentum.sk\/index.php\/wp-json\/wp\/v2\/types\/page"}],"author":[{"embeddable":true,"href":"http:\/\/www.talentum.sk\/index.php\/wp-json\/wp\/v2\/users\/1"}],"replies":[{"embeddable":true,"href":"http:\/\/www.talentum.sk\/index.php\/wp-json\/wp\/v2\/comments?post=127"}],"version-history":[{"count":3,"href":"http:\/\/www.talentum.sk\/index.php\/wp-json\/wp\/v2\/pages\/127\/revisions"}],"predecessor-version":[{"id":137,"href":"http:\/\/www.talentum.sk\/index.php\/wp-json\/wp\/v2\/pages\/127\/revisions\/137"}],"wp:attachment":[{"href":"http:\/\/www.talentum.sk\/index.php\/wp-json\/wp\/v2\/media?parent=127"}],"curies":[{"name":"wp","href":"https:\/\/api.w.org\/{rel}","templated":true}]}}