{"id":123,"date":"2018-03-01T14:09:04","date_gmt":"2018-03-01T13:09:04","guid":{"rendered":"http:\/\/www.talentum.sk\/?page_id=123"},"modified":"2018-03-01T14:09:04","modified_gmt":"2018-03-01T13:09:04","slug":"interaktiv-tabla-a-tehetseggondozasban-2013","status":"publish","type":"page","link":"http:\/\/www.talentum.sk\/index.php\/interaktiv-tabla-a-tehetseggondozasban-2013\/","title":{"rendered":"Interakt\u00edv t\u00e1bla a tehets\u00e9ggondoz\u00e1sban 2013"},"content":{"rendered":"<p><a href=\"http:\/\/www.talentum.sk\/wp-content\/uploads\/2018\/03\/Interakt\u00edv-t\u00e1bla-a-tehets\u00e9ggondoz\u00e1sban-2013.pdf\">Interakt\u00edv t\u00e1bla a tehets\u00e9ggondoz\u00e1sban 2013<\/a><\/p>\n","protected":false},"excerpt":{"rendered":"<p>Interakt\u00edv t\u00e1bla a tehets\u00e9ggondoz\u00e1sban 2013<\/p>\n","protected":false},"author":1,"featured_media":0,"parent":0,"menu_order":0,"comment_status":"closed","ping_status":"closed","template":"","meta":{"footnotes":""},"class_list":["post-123","page","type-page","status-publish","hentry"],"_links":{"self":[{"href":"http:\/\/www.talentum.sk\/index.php\/wp-json\/wp\/v2\/pages\/123","targetHints":{"allow":["GET"]}}],"collection":[{"href":"http:\/\/www.talentum.sk\/index.php\/wp-json\/wp\/v2\/pages"}],"about":[{"href":"http:\/\/www.talentum.sk\/index.php\/wp-json\/wp\/v2\/types\/page"}],"author":[{"embeddable":true,"href":"http:\/\/www.talentum.sk\/index.php\/wp-json\/wp\/v2\/users\/1"}],"replies":[{"embeddable":true,"href":"http:\/\/www.talentum.sk\/index.php\/wp-json\/wp\/v2\/comments?post=123"}],"version-history":[{"count":1,"href":"http:\/\/www.talentum.sk\/index.php\/wp-json\/wp\/v2\/pages\/123\/revisions"}],"predecessor-version":[{"id":125,"href":"http:\/\/www.talentum.sk\/index.php\/wp-json\/wp\/v2\/pages\/123\/revisions\/125"}],"wp:attachment":[{"href":"http:\/\/www.talentum.sk\/index.php\/wp-json\/wp\/v2\/media?parent=123"}],"curies":[{"name":"wp","href":"https:\/\/api.w.org\/{rel}","templated":true}]}}