{"id":110,"date":"2018-03-01T13:58:55","date_gmt":"2018-03-01T12:58:55","guid":{"rendered":"http:\/\/www.talentum.sk\/?page_id=110"},"modified":"2018-03-01T13:58:55","modified_gmt":"2018-03-01T12:58:55","slug":"tablagepek-az-oktatasban-2013","status":"publish","type":"page","link":"http:\/\/www.talentum.sk\/index.php\/tablagepek-az-oktatasban-2013\/","title":{"rendered":"T\u00e1blag\u00e9pek az oktat\u00e1sban 2013"},"content":{"rendered":"<p><a href=\"http:\/\/www.talentum.sk\/wp-content\/uploads\/2018\/03\/T\u00e1blag\u00e9pek-az-oktat\u00e1sban-2013.pdf\">T\u00e1blag\u00e9pek az oktat\u00e1sban 2013<\/a><\/p>\n","protected":false},"excerpt":{"rendered":"<p>T\u00e1blag\u00e9pek az oktat\u00e1sban 2013<\/p>\n","protected":false},"author":1,"featured_media":0,"parent":0,"menu_order":0,"comment_status":"closed","ping_status":"closed","template":"","meta":{"footnotes":""},"class_list":["post-110","page","type-page","status-publish","hentry"],"_links":{"self":[{"href":"http:\/\/www.talentum.sk\/index.php\/wp-json\/wp\/v2\/pages\/110","targetHints":{"allow":["GET"]}}],"collection":[{"href":"http:\/\/www.talentum.sk\/index.php\/wp-json\/wp\/v2\/pages"}],"about":[{"href":"http:\/\/www.talentum.sk\/index.php\/wp-json\/wp\/v2\/types\/page"}],"author":[{"embeddable":true,"href":"http:\/\/www.talentum.sk\/index.php\/wp-json\/wp\/v2\/users\/1"}],"replies":[{"embeddable":true,"href":"http:\/\/www.talentum.sk\/index.php\/wp-json\/wp\/v2\/comments?post=110"}],"version-history":[{"count":1,"href":"http:\/\/www.talentum.sk\/index.php\/wp-json\/wp\/v2\/pages\/110\/revisions"}],"predecessor-version":[{"id":112,"href":"http:\/\/www.talentum.sk\/index.php\/wp-json\/wp\/v2\/pages\/110\/revisions\/112"}],"wp:attachment":[{"href":"http:\/\/www.talentum.sk\/index.php\/wp-json\/wp\/v2\/media?parent=110"}],"curies":[{"name":"wp","href":"https:\/\/api.w.org\/{rel}","templated":true}]}}